{"id":236,"date":"2023-07-04T23:03:18","date_gmt":"2023-07-04T23:03:18","guid":{"rendered":"https:\/\/sefclinic.com\/?page_id=236"},"modified":"2023-07-04T23:06:03","modified_gmt":"2023-07-04T23:06:03","slug":"hekimler","status":"publish","type":"page","link":"https:\/\/sefclinic.com\/en\/hekimler\/","title":{"rendered":"Hekimlerimiz"},"content":{"rendered":"","protected":false},"excerpt":{"rendered":"","protected":false},"author":1,"featured_media":0,"parent":0,"menu_order":0,"comment_status":"closed","ping_status":"closed","template":"","meta":{"footnotes":""},"class_list":["post-236","page","type-page","status-publish","hentry"],"yoast_head":"<!-- This site is optimized with the Yoast SEO plugin v21.5 - https:\/\/yoast.com\/wordpress\/plugins\/seo\/ -->\n<title>Sef Klinik | Hekimlerimiz<\/title>\n<meta name=\"description\" content=\"Sef Klinik | Hekimlerimiz\" \/>\n<meta name=\"robots\" content=\"index, follow, max-snippet:-1, max-image-preview:large, max-video-preview:-1\" \/>\n<link rel=\"canonical\" href=\"https:\/\/sefclinic.com\/en\/hekimler\/\" \/>\n<meta property=\"og:locale\" content=\"en_US\" \/>\n<meta property=\"og:type\" content=\"article\" \/>\n<meta property=\"og:title\" content=\"Sef Klinik | Hekimlerimiz\" \/>\n<meta property=\"og:description\" content=\"Sef Klinik | Hekimlerimiz\" \/>\n<meta property=\"og:url\" content=\"https:\/\/sefclinic.com\/en\/hekimler\/\" \/>\n<meta property=\"og:site_name\" content=\"Sef Klinik\" \/>\n<meta property=\"article:publisher\" content=\"https:\/\/www.facebook.com\/sefclinictr\" \/>\n<meta property=\"article:modified_time\" content=\"2023-07-04T23:06:03+00:00\" \/>\n<meta property=\"og:image\" content=\"https:\/\/sefclinic.com\/wp-content\/uploads\/2023\/01\/May-Dental-54-1-scaled.jpg\" \/>\n\t<meta property=\"og:image:width\" content=\"2560\" \/>\n\t<meta property=\"og:image:height\" content=\"1707\" \/>\n\t<meta property=\"og:image:type\" content=\"image\/jpeg\" \/>\n<meta name=\"twitter:card\" content=\"summary_large_image\" \/>\n<script type=\"application\/ld+json\" class=\"yoast-schema-graph\">{\"@context\":\"https:\/\/schema.org\",\"@graph\":[{\"@type\":\"WebPage\",\"@id\":\"https:\/\/sefclinic.com\/hekimler\/\",\"url\":\"https:\/\/sefclinic.com\/hekimler\/\",\"name\":\"Sef Klinik | Hekimlerimiz\",\"isPartOf\":{\"@id\":\"https:\/\/sefclinic.com\/#website\"},\"datePublished\":\"2023-07-04T23:03:18+00:00\",\"dateModified\":\"2023-07-04T23:06:03+00:00\",\"description\":\"Sef Klinik | Hekimlerimiz\",\"breadcrumb\":{\"@id\":\"https:\/\/sefclinic.com\/hekimler\/#breadcrumb\"},\"inLanguage\":\"en-US\",\"potentialAction\":[{\"@type\":\"ReadAction\",\"target\":[\"https:\/\/sefclinic.com\/hekimler\/\"]}]},{\"@type\":\"BreadcrumbList\",\"@id\":\"https:\/\/sefclinic.com\/hekimler\/#breadcrumb\",\"itemListElement\":[{\"@type\":\"ListItem\",\"position\":1,\"name\":\"Anasayfa\",\"item\":\"https:\/\/sefclinic.com\/\"},{\"@type\":\"ListItem\",\"position\":2,\"name\":\"Hekimlerimiz\"}]},{\"@type\":\"WebSite\",\"@id\":\"https:\/\/sefclinic.com\/#website\",\"url\":\"https:\/\/sefclinic.com\/\",\"name\":\"SEF KL\u0130N\u0130K\",\"description\":\"Smile Awesome!\",\"publisher\":{\"@id\":\"https:\/\/sefclinic.com\/#organization\"},\"potentialAction\":[{\"@type\":\"SearchAction\",\"target\":{\"@type\":\"EntryPoint\",\"urlTemplate\":\"https:\/\/sefclinic.com\/?s={search_term_string}\"},\"query-input\":\"required name=search_term_string\"}],\"inLanguage\":\"en-US\"},{\"@type\":\"Organization\",\"@id\":\"https:\/\/sefclinic.com\/#organization\",\"name\":\"SEF KL\u0130N\u0130K\",\"url\":\"https:\/\/sefclinic.com\/\",\"logo\":{\"@type\":\"ImageObject\",\"inLanguage\":\"en-US\",\"@id\":\"https:\/\/sefclinic.com\/#\/schema\/logo\/image\/\",\"url\":\"https:\/\/sefclinic.com\/wp-content\/uploads\/2023\/01\/Adsiz-100-\u00d7-56-piksel-1-e1674215712983.png\",\"contentUrl\":\"https:\/\/sefclinic.com\/wp-content\/uploads\/2023\/01\/Adsiz-100-\u00d7-56-piksel-1-e1674215712983.png\",\"width\":313,\"height\":65,\"caption\":\"SEF KL\u0130N\u0130K\"},\"image\":{\"@id\":\"https:\/\/sefclinic.com\/#\/schema\/logo\/image\/\"},\"sameAs\":[\"https:\/\/www.facebook.com\/sefclinictr\",\"https:\/\/www.instagram.com\/sefklinik\",\"https:\/\/www.instagram.com\/sefclinicint\"]}]}<\/script>\n<!-- \/ Yoast SEO plugin. -->","yoast_head_json":{"title":"Sef Klinik | Hekimlerimiz","description":"Sef Klinik | Hekimlerimiz","robots":{"index":"index","follow":"follow","max-snippet":"max-snippet:-1","max-image-preview":"max-image-preview:large","max-video-preview":"max-video-preview:-1"},"canonical":"https:\/\/sefclinic.com\/en\/hekimler\/","og_locale":"en_US","og_type":"article","og_title":"Sef Klinik | Hekimlerimiz","og_description":"Sef Klinik | Hekimlerimiz","og_url":"https:\/\/sefclinic.com\/en\/hekimler\/","og_site_name":"Sef Klinik","article_publisher":"https:\/\/www.facebook.com\/sefclinictr","article_modified_time":"2023-07-04T23:06:03+00:00","og_image":[{"width":2560,"height":1707,"url":"https:\/\/sefclinic.com\/wp-content\/uploads\/2023\/01\/May-Dental-54-1-scaled.jpg","type":"image\/jpeg"}],"twitter_card":"summary_large_image","schema":{"@context":"https:\/\/schema.org","@graph":[{"@type":"WebPage","@id":"https:\/\/sefclinic.com\/hekimler\/","url":"https:\/\/sefclinic.com\/hekimler\/","name":"Sef Klinik | Hekimlerimiz","isPartOf":{"@id":"https:\/\/sefclinic.com\/#website"},"datePublished":"2023-07-04T23:03:18+00:00","dateModified":"2023-07-04T23:06:03+00:00","description":"Sef Klinik | Hekimlerimiz","breadcrumb":{"@id":"https:\/\/sefclinic.com\/hekimler\/#breadcrumb"},"inLanguage":"en-US","potentialAction":[{"@type":"ReadAction","target":["https:\/\/sefclinic.com\/hekimler\/"]}]},{"@type":"BreadcrumbList","@id":"https:\/\/sefclinic.com\/hekimler\/#breadcrumb","itemListElement":[{"@type":"ListItem","position":1,"name":"Anasayfa","item":"https:\/\/sefclinic.com\/"},{"@type":"ListItem","position":2,"name":"Hekimlerimiz"}]},{"@type":"WebSite","@id":"https:\/\/sefclinic.com\/#website","url":"https:\/\/sefclinic.com\/","name":"SEF KL\u0130N\u0130K","description":"Smile Awesome!","publisher":{"@id":"https:\/\/sefclinic.com\/#organization"},"potentialAction":[{"@type":"SearchAction","target":{"@type":"EntryPoint","urlTemplate":"https:\/\/sefclinic.com\/?s={search_term_string}"},"query-input":"required name=search_term_string"}],"inLanguage":"en-US"},{"@type":"Organization","@id":"https:\/\/sefclinic.com\/#organization","name":"SEF KL\u0130N\u0130K","url":"https:\/\/sefclinic.com\/","logo":{"@type":"ImageObject","inLanguage":"en-US","@id":"https:\/\/sefclinic.com\/#\/schema\/logo\/image\/","url":"https:\/\/sefclinic.com\/wp-content\/uploads\/2023\/01\/Adsiz-100-\u00d7-56-piksel-1-e1674215712983.png","contentUrl":"https:\/\/sefclinic.com\/wp-content\/uploads\/2023\/01\/Adsiz-100-\u00d7-56-piksel-1-e1674215712983.png","width":313,"height":65,"caption":"SEF KL\u0130N\u0130K"},"image":{"@id":"https:\/\/sefclinic.com\/#\/schema\/logo\/image\/"},"sameAs":["https:\/\/www.facebook.com\/sefclinictr","https:\/\/www.instagram.com\/sefklinik","https:\/\/www.instagram.com\/sefclinicint"]}]}},"_links":{"self":[{"href":"https:\/\/sefclinic.com\/en\/wp-json\/wp\/v2\/pages\/236","targetHints":{"allow":["GET"]}}],"collection":[{"href":"https:\/\/sefclinic.com\/en\/wp-json\/wp\/v2\/pages"}],"about":[{"href":"https:\/\/sefclinic.com\/en\/wp-json\/wp\/v2\/types\/page"}],"author":[{"embeddable":true,"href":"https:\/\/sefclinic.com\/en\/wp-json\/wp\/v2\/users\/1"}],"replies":[{"embeddable":true,"href":"https:\/\/sefclinic.com\/en\/wp-json\/wp\/v2\/comments?post=236"}],"version-history":[{"count":1,"href":"https:\/\/sefclinic.com\/en\/wp-json\/wp\/v2\/pages\/236\/revisions"}],"predecessor-version":[{"id":237,"href":"https:\/\/sefclinic.com\/en\/wp-json\/wp\/v2\/pages\/236\/revisions\/237"}],"wp:attachment":[{"href":"https:\/\/sefclinic.com\/en\/wp-json\/wp\/v2\/media?parent=236"}],"curies":[{"name":"wp","href":"https:\/\/api.w.org\/{rel}","templated":true}]}}