{"id":133,"date":"2023-01-27T11:40:37","date_gmt":"2023-01-27T11:40:37","guid":{"rendered":"https:\/\/sefclinic.com\/tme-kopya\/"},"modified":"2023-01-27T11:42:47","modified_gmt":"2023-01-27T11:42:47","slug":"sterilizasyon","status":"publish","type":"page","link":"https:\/\/sefclinic.com\/en\/sterilizasyon\/","title":{"rendered":"Sterilizasyon"},"content":{"rendered":"<div class=\"page\" title=\"Page 4\">\n<div class=\"layoutArea\">\n<div class=\"column\">\n<p><strong>STERI\u0307LI\u0307ZASYON<\/strong><\/p>\n<\/div>\n<\/div>\n<\/div>\n<div class=\"page\" title=\"Page 5\">\n<div class=\"layoutArea\">\n<div class=\"column\">\n<p>SEF Klinik\u2019te hastalar koltug\u0306a oturmadan o\u0308nce her u\u0308nit ve ekipmanlar steril halde haz\u0131r bulunur. U\u0308nitler ve ekipmanlar belirli sterilizasyon uygulamalar\u0131ndan gec\u0327mektedir. Hastalar\u0131m\u0131z koltug\u0306a oturduktan sonra da koruyucu o\u0308nlemlerimiz devam eder. Bizim ic\u0327in hastalar\u0131m\u0131z\u0131n sag\u0306l\u0131g\u0306\u0131 her s\u0327eyden o\u0308nemlidir.<\/p>\n<ul>\n<li>Hekimlerin ve hastalar\u0131m\u0131z\u0131n temas ettig\u0306i bo\u0308lgeler o\u0308zel antiseptiklerle temizlenir ve ilac\u0327lan\u0131r.<\/li>\n<li>Hastalar\u0131m\u0131z koltug\u0306a oturduktan sonra hemen koruyucu tek kullan\u0131ml\u0131k o\u0308nlu\u0308k tak\u0131l\u0131r.<\/li>\n<li>Hekimlerimiz de is\u0327lem o\u0308ncesi tek kullan\u0131ml\u0131k koruyucu o\u0308nlu\u0308k, maske, eldiven, bone ve go\u0308zlu\u0308k kullan\u0131rlar.<\/li>\n<li>Klinikte hasta ic\u0327in kullan\u0131lan kirli arac\u0327 ve gerec\u0327ler sterilizasyon go\u0308revlisi taraf\u0131ndan sterilizasyon odas\u0131na getirilir.<\/li>\n<li>Otoklavlanan arac\u0327lar ve gerec\u0327ler o\u0308zel olarak tek kullan\u0131ml\u0131k parc\u0327alar halinde paketlenir ve bu paketlerin sterilizasyon tarihleri kay\u0131t alt\u0131na al\u0131n\u0131r.<\/li>\n<li>Sterilizasyonu tamamlanan arac\u0327 ve gerec\u0327ler u\u0308nitlere dag\u0306\u0131t\u0131l\u0131r.<\/li>\n<\/ul>\n<p><strong>Dis\u0327 U\u0308nitini Nas\u0131l Temizliyorsunuz?<\/strong><\/p>\n<p>Hasta koltuktan kalkt\u0131ktan sonra tek kullan\u0131ml\u0131k tu\u0308m malzemeler toplan\u0131p at\u0131l\u0131r. Metal aletler toplan\u0131p otoklavda steril edilmek u\u0308zere o\u0308zel dezenfektan s\u0131v\u0131lar\u0131nda bekletilir. U\u0308nitin tu\u0308m temas eden yu\u0308zeyleri o\u0308zel temizleyici ajanlar ile temizlenir. Daha sonra oda havaland\u0131r\u0131larak yeni hasta ic\u0327in tek kullan\u0131ml\u0131k malzemeler haz\u0131r hale getirilir.<\/p>\n<p><strong>Kullan\u0131lan Aletleri Nas\u0131l Temizliyorsunuz?<\/strong><\/p>\n<p>Tek kullan\u0131ml\u0131k malzemeler ad\u0131ndan da anlas\u0327\u0131lacag\u0306\u0131 gibi kullan\u0131mdan sonra at\u0131l\u0131r. Metal el aletleri ise kullan\u0131mdan sonra o\u0308nce o\u0308zel dezenfektan s\u0131v\u0131lar\u0131nda bekletilir, daha sonra kurulan\u0131p tek kullan\u0131ml\u0131k sterilizasyon pos\u0327etlerine konup, otoklavda belirli su\u0308re bekletilip steril hale getirilir. Bu aletler kullan\u0131m zaman\u0131na kadar bu pos\u0327etlerde kapal\u0131 bir s\u0327ekilde steril halde kal\u0131r.<\/p>\n<p><strong>Otoklav Nas\u0131l Bir Makinedir? Nas\u0131l Temizliyor?<\/strong><\/p>\n<p>Otoklav sterilizasyonun bas\u0131nc\u0327l\u0131 buhar yo\u0308ntemiyle gerc\u0327ekles\u0327tirilmesini sag\u0306lamaktad\u0131r.121C\u2019de 1.5 atmosfer bas\u0131nc\u0327 alt\u0131nda 15-20 dk ic\u0327inde hastal\u0131k yapan yapmayan bu\u0308tu\u0308n mikroorganizmalar\u0131 o\u0308ldu\u0308ru\u0308r. Otoklavda steril edilen aletler o\u0308zel pos\u0327etlerinden c\u0327\u0131kar\u0131lmad\u0131g\u0306\u0131 su\u0308rece 6 ay sterillig\u0306ini koru. Pos\u0327etlerin u\u0308zerindeki renk deg\u0306is\u0327tiren bo\u0308lgeler ve tutulan kay\u0131tlar ile etkinlig\u0306i du\u0308zenli olarak kontrol edilir.<\/p>\n<\/div>\n<\/div>\n<\/div>","protected":false},"excerpt":{"rendered":"<p>STERI\u0307LI\u0307ZASYON SEF Klinik\u2019te hastalar koltug\u0306a oturmadan o\u0308nce her u\u0308nit ve ekipmanlar steril halde haz\u0131r bulunur. U\u0308nitler ve ekipmanlar belirli sterilizasyon uygulamalar\u0131ndan gec\u0327mektedir. Hastalar\u0131m\u0131z koltug\u0306a oturduktan sonra da koruyucu o\u0308nlemlerimiz devam eder. Bizim ic\u0327in hastalar\u0131m\u0131z\u0131n sag\u0306l\u0131g\u0306\u0131 her s\u0327eyden o\u0308nemlidir. Hekimlerin ve hastalar\u0131m\u0131z\u0131n temas ettig\u0306i bo\u0308lgeler o\u0308zel antiseptiklerle temizlenir ve ilac\u0327lan\u0131r. Hastalar\u0131m\u0131z koltug\u0306a oturduktan sonra hemen koruyucu tek kullan\u0131ml\u0131k o\u0308nlu\u0308k tak\u0131l\u0131r. Hekimlerimiz de is\u0327lem o\u0308ncesi tek kullan\u0131ml\u0131k koruyucu o\u0308nlu\u0308k, maske, eldiven, bone ve go\u0308zlu\u0308k kullan\u0131rlar. Klinikte hasta ic\u0327in kullan\u0131lan kirli arac\u0327 ve gerec\u0327ler sterilizasyon go\u0308revlisi taraf\u0131ndan sterilizasyon odas\u0131na getirilir. Otoklavlanan arac\u0327lar ve gerec\u0327ler o\u0308zel olarak tek kullan\u0131ml\u0131k parc\u0327alar halinde paketlenir ve bu<\/p>","protected":false},"author":1,"featured_media":0,"parent":0,"menu_order":0,"comment_status":"closed","ping_status":"closed","template":"","meta":{"footnotes":""},"class_list":["post-133","page","type-page","status-publish","hentry"],"yoast_head":"<!-- This site is optimized with the Yoast SEO plugin v21.5 - https:\/\/yoast.com\/wordpress\/plugins\/seo\/ -->\n<title>Sef Klinik | Sterilizasyon<\/title>\n<meta name=\"description\" content=\"Sef Klinik | Sterilizasyon\" \/>\n<meta name=\"robots\" content=\"index, follow, max-snippet:-1, max-image-preview:large, max-video-preview:-1\" \/>\n<link rel=\"canonical\" href=\"https:\/\/sefclinic.com\/en\/sterilizasyon\/\" \/>\n<meta property=\"og:locale\" content=\"en_US\" \/>\n<meta property=\"og:type\" content=\"article\" \/>\n<meta property=\"og:title\" content=\"Sef Klinik | Sterilizasyon\" \/>\n<meta property=\"og:description\" content=\"Sef Klinik | Sterilizasyon\" \/>\n<meta property=\"og:url\" content=\"https:\/\/sefclinic.com\/en\/sterilizasyon\/\" \/>\n<meta property=\"og:site_name\" content=\"Sef Klinik\" \/>\n<meta property=\"article:publisher\" content=\"https:\/\/www.facebook.com\/sefclinictr\" \/>\n<meta property=\"article:modified_time\" content=\"2023-01-27T11:42:47+00:00\" \/>\n<meta property=\"og:image\" content=\"https:\/\/sefclinic.com\/wp-content\/uploads\/2023\/01\/May-Dental-54-1-scaled.jpg\" \/>\n\t<meta property=\"og:image:width\" content=\"2560\" \/>\n\t<meta property=\"og:image:height\" content=\"1707\" \/>\n\t<meta property=\"og:image:type\" content=\"image\/jpeg\" \/>\n<meta name=\"twitter:card\" content=\"summary_large_image\" \/>\n<meta name=\"twitter:label1\" content=\"Est. reading time\" \/>\n\t<meta name=\"twitter:data1\" content=\"2 minutes\" \/>\n<script type=\"application\/ld+json\" class=\"yoast-schema-graph\">{\"@context\":\"https:\/\/schema.org\",\"@graph\":[{\"@type\":\"WebPage\",\"@id\":\"https:\/\/sefclinic.com\/sterilizasyon\/\",\"url\":\"https:\/\/sefclinic.com\/sterilizasyon\/\",\"name\":\"Sef Klinik | Sterilizasyon\",\"isPartOf\":{\"@id\":\"https:\/\/sefclinic.com\/#website\"},\"datePublished\":\"2023-01-27T11:40:37+00:00\",\"dateModified\":\"2023-01-27T11:42:47+00:00\",\"description\":\"Sef Klinik | Sterilizasyon\",\"breadcrumb\":{\"@id\":\"https:\/\/sefclinic.com\/sterilizasyon\/#breadcrumb\"},\"inLanguage\":\"en-US\",\"potentialAction\":[{\"@type\":\"ReadAction\",\"target\":[\"https:\/\/sefclinic.com\/sterilizasyon\/\"]}]},{\"@type\":\"BreadcrumbList\",\"@id\":\"https:\/\/sefclinic.com\/sterilizasyon\/#breadcrumb\",\"itemListElement\":[{\"@type\":\"ListItem\",\"position\":1,\"name\":\"Anasayfa\",\"item\":\"https:\/\/sefclinic.com\/\"},{\"@type\":\"ListItem\",\"position\":2,\"name\":\"Sterilizasyon\"}]},{\"@type\":\"WebSite\",\"@id\":\"https:\/\/sefclinic.com\/#website\",\"url\":\"https:\/\/sefclinic.com\/\",\"name\":\"SEF KL\u0130N\u0130K\",\"description\":\"Smile Awesome!\",\"publisher\":{\"@id\":\"https:\/\/sefclinic.com\/#organization\"},\"potentialAction\":[{\"@type\":\"SearchAction\",\"target\":{\"@type\":\"EntryPoint\",\"urlTemplate\":\"https:\/\/sefclinic.com\/?s={search_term_string}\"},\"query-input\":\"required name=search_term_string\"}],\"inLanguage\":\"en-US\"},{\"@type\":\"Organization\",\"@id\":\"https:\/\/sefclinic.com\/#organization\",\"name\":\"SEF KL\u0130N\u0130K\",\"url\":\"https:\/\/sefclinic.com\/\",\"logo\":{\"@type\":\"ImageObject\",\"inLanguage\":\"en-US\",\"@id\":\"https:\/\/sefclinic.com\/#\/schema\/logo\/image\/\",\"url\":\"https:\/\/sefclinic.com\/wp-content\/uploads\/2023\/01\/Adsiz-100-\u00d7-56-piksel-1-e1674215712983.png\",\"contentUrl\":\"https:\/\/sefclinic.com\/wp-content\/uploads\/2023\/01\/Adsiz-100-\u00d7-56-piksel-1-e1674215712983.png\",\"width\":313,\"height\":65,\"caption\":\"SEF KL\u0130N\u0130K\"},\"image\":{\"@id\":\"https:\/\/sefclinic.com\/#\/schema\/logo\/image\/\"},\"sameAs\":[\"https:\/\/www.facebook.com\/sefclinictr\",\"https:\/\/www.instagram.com\/sefklinik\",\"https:\/\/www.instagram.com\/sefclinicint\"]}]}<\/script>\n<!-- \/ Yoast SEO plugin. -->","yoast_head_json":{"title":"Sef Klinik | Sterilizasyon","description":"Sef Klinik | Sterilizasyon","robots":{"index":"index","follow":"follow","max-snippet":"max-snippet:-1","max-image-preview":"max-image-preview:large","max-video-preview":"max-video-preview:-1"},"canonical":"https:\/\/sefclinic.com\/en\/sterilizasyon\/","og_locale":"en_US","og_type":"article","og_title":"Sef Klinik | Sterilizasyon","og_description":"Sef Klinik | Sterilizasyon","og_url":"https:\/\/sefclinic.com\/en\/sterilizasyon\/","og_site_name":"Sef Klinik","article_publisher":"https:\/\/www.facebook.com\/sefclinictr","article_modified_time":"2023-01-27T11:42:47+00:00","og_image":[{"width":2560,"height":1707,"url":"https:\/\/sefclinic.com\/wp-content\/uploads\/2023\/01\/May-Dental-54-1-scaled.jpg","type":"image\/jpeg"}],"twitter_card":"summary_large_image","twitter_misc":{"Est. reading time":"2 minutes"},"schema":{"@context":"https:\/\/schema.org","@graph":[{"@type":"WebPage","@id":"https:\/\/sefclinic.com\/sterilizasyon\/","url":"https:\/\/sefclinic.com\/sterilizasyon\/","name":"Sef Klinik | Sterilizasyon","isPartOf":{"@id":"https:\/\/sefclinic.com\/#website"},"datePublished":"2023-01-27T11:40:37+00:00","dateModified":"2023-01-27T11:42:47+00:00","description":"Sef Klinik | Sterilizasyon","breadcrumb":{"@id":"https:\/\/sefclinic.com\/sterilizasyon\/#breadcrumb"},"inLanguage":"en-US","potentialAction":[{"@type":"ReadAction","target":["https:\/\/sefclinic.com\/sterilizasyon\/"]}]},{"@type":"BreadcrumbList","@id":"https:\/\/sefclinic.com\/sterilizasyon\/#breadcrumb","itemListElement":[{"@type":"ListItem","position":1,"name":"Anasayfa","item":"https:\/\/sefclinic.com\/"},{"@type":"ListItem","position":2,"name":"Sterilizasyon"}]},{"@type":"WebSite","@id":"https:\/\/sefclinic.com\/#website","url":"https:\/\/sefclinic.com\/","name":"SEF KL\u0130N\u0130K","description":"Smile Awesome!","publisher":{"@id":"https:\/\/sefclinic.com\/#organization"},"potentialAction":[{"@type":"SearchAction","target":{"@type":"EntryPoint","urlTemplate":"https:\/\/sefclinic.com\/?s={search_term_string}"},"query-input":"required name=search_term_string"}],"inLanguage":"en-US"},{"@type":"Organization","@id":"https:\/\/sefclinic.com\/#organization","name":"SEF KL\u0130N\u0130K","url":"https:\/\/sefclinic.com\/","logo":{"@type":"ImageObject","inLanguage":"en-US","@id":"https:\/\/sefclinic.com\/#\/schema\/logo\/image\/","url":"https:\/\/sefclinic.com\/wp-content\/uploads\/2023\/01\/Adsiz-100-\u00d7-56-piksel-1-e1674215712983.png","contentUrl":"https:\/\/sefclinic.com\/wp-content\/uploads\/2023\/01\/Adsiz-100-\u00d7-56-piksel-1-e1674215712983.png","width":313,"height":65,"caption":"SEF KL\u0130N\u0130K"},"image":{"@id":"https:\/\/sefclinic.com\/#\/schema\/logo\/image\/"},"sameAs":["https:\/\/www.facebook.com\/sefclinictr","https:\/\/www.instagram.com\/sefklinik","https:\/\/www.instagram.com\/sefclinicint"]}]}},"_links":{"self":[{"href":"https:\/\/sefclinic.com\/en\/wp-json\/wp\/v2\/pages\/133","targetHints":{"allow":["GET"]}}],"collection":[{"href":"https:\/\/sefclinic.com\/en\/wp-json\/wp\/v2\/pages"}],"about":[{"href":"https:\/\/sefclinic.com\/en\/wp-json\/wp\/v2\/types\/page"}],"author":[{"embeddable":true,"href":"https:\/\/sefclinic.com\/en\/wp-json\/wp\/v2\/users\/1"}],"replies":[{"embeddable":true,"href":"https:\/\/sefclinic.com\/en\/wp-json\/wp\/v2\/comments?post=133"}],"version-history":[{"count":2,"href":"https:\/\/sefclinic.com\/en\/wp-json\/wp\/v2\/pages\/133\/revisions"}],"predecessor-version":[{"id":135,"href":"https:\/\/sefclinic.com\/en\/wp-json\/wp\/v2\/pages\/133\/revisions\/135"}],"wp:attachment":[{"href":"https:\/\/sefclinic.com\/en\/wp-json\/wp\/v2\/media?parent=133"}],"curies":[{"name":"wp","href":"https:\/\/api.w.org\/{rel}","templated":true}]}}