{"id":127,"date":"2023-01-27T11:24:58","date_gmt":"2023-01-27T11:24:58","guid":{"rendered":"https:\/\/sefclinic.com\/tme-kopya\/"},"modified":"2023-01-27T11:33:21","modified_gmt":"2023-01-27T11:33:21","slug":"ortodonti","status":"publish","type":"page","link":"https:\/\/sefclinic.com\/en\/ortodonti\/","title":{"rendered":"Orthodontics"},"content":{"rendered":"<div class=\"page\" title=\"Page 16\">\n<div class=\"section\">\n<div class=\"layoutArea\">\n<div class=\"column\">\n<div class=\"page\" title=\"Page 17\">\n<div class=\"section\">\n<div class=\"layoutArea\">\n<div class=\"column\">\n<div class=\"page\" title=\"Page 24\">\n<div class=\"section\">\n<div class=\"layoutArea\">\n<div class=\"column\">\n<p><strong>Ortodonti Nedir?<\/strong><\/p>\n<p>Ortodonti, dis\u0327lerin konumu, c\u0327ene kemiklerinin birbirine ve\/veya yu\u0308ze go\u0308re ilis\u0327kilerini inceleyen, uyumsuzluklar\u0131n olus\u0327mas\u0131n\u0131 o\u0308nlemeye c\u0327al\u0131s\u0327an ve varolan bozukluklar\u0131n tedavisini uygulayan bilim dal\u0131d\u0131r<\/p>\n<p><strong>Ortodonti Tedavisi Hangi Rahats\u0131zl\u0131klarda Uygulan\u0131r?<\/strong><\/p>\n<ul>\n<li>C\u0327apras\u0327\u0131k dis\u0327lerin olmas\u0131<\/li>\n<li>Ac\u0327\u0131k kapan\u0131s\u0327\u0131n olmas\u0131 (Birbirini o\u0308rtmeyen dis\u0327ler)<\/li>\n<li>Derin kapan\u0131s\u0327\u0131n olmas\u0131<\/li>\n<li>U\u0308st c\u0327enesi alt c\u0327enesine go\u0308re o\u0308nde olmas\u0131<\/li>\n<li>Alt c\u0327enenin u\u0308st c\u0327eneye go\u0308re o\u0308nde olmas\u0131<\/li>\n<li>U\u0308st c\u0327enenin dar ve u\u0308c\u0327gen formda olmas\u0131<\/li>\n<li>Asimetrik c\u0327ene kapan\u0131s\u0327\u0131 varl\u0131g\u0306\u0131nda ortodontik tedaviler uygulanabilmektedir<\/li>\n<\/ul>\n<p><strong>Ortodonti Tedavi Su\u0308resi Ne Kadard\u0131r?<\/strong><br \/>\nProbleme go\u0308re deg\u0306is\u0327mekte olup, ortalama 8-30 ay aras\u0131 deg\u0306is\u0327mektedir.<\/p>\n<p><strong>Ortodonti Tedavisi Su\u0308recinde Nelere Dikkat Edilmelidir?<\/strong><\/p>\n<ul>\n<li>Her o\u0308g\u0306u\u0308nden sonra dis\u0327lerin en az 3 dakika f\u0131rc\u0327alanmal\u0131, ara yu\u0308z f\u0131rc\u0327as\u0131 ile ag\u0306\u0131z bak\u0131m\u0131 yap\u0131lmal\u0131d\u0131r.<\/li>\n<li>Asitli ic\u0327ecekler mu\u0308mku\u0308n oldug\u0306unca tu\u0308ketilmemelidir. I\u0307stendig\u0306i takdirde pipet ile tu\u0308ketilebilir.<\/li>\n<li>I\u0307c\u0327erisinde c\u0327ekirdek olan g\u0131dalar c\u0327ekirdekleri c\u0327\u0131kar\u0131ld\u0131ktan sonra tu\u0308ketilebilir (zeytin, kay\u0131s\u0131, hurma vb.)<\/li>\n<li>Kuruyemis\u0327 gibi sert besinlerin tu\u0308ketilmesi sak\u0131ncal\u0131d\u0131r. Ag\u0306\u0131z ic\u0327indeki ayg\u0131tlar\u0131nda k\u0131r\u0131lma riski yaratmaktad\u0131r.<\/li>\n<li>Sert besinler ufalanarak ku\u0308c\u0327u\u0308k dilimler halinde tu\u0308ketilebilir.<\/li>\n<li>Sak\u0131z, jelibon, karamel gibi yumus\u0327ak g\u0131dalar\u0131n tu\u0308ketimi sak\u0131ncal\u0131d\u0131r.<\/li>\n<li><span style=\"font-family: -apple-system, BlinkMacSystemFont, 'Segoe UI', Roboto, 'Helvetica Neue', Arial, 'Noto Sans', sans-serif, 'Apple Color Emoji', 'Segoe UI Emoji', 'Segoe UI Symbol', 'Noto Color Emoji';\">Ag\u0306\u0131z ic\u0327erisindeki braket veya ayg\u0131tlar\u0131n k\u0131r\u0131lmas\u0131 durumunda doktorunuz ile iletis\u0327ime gec\u0327meniz gerekmektedir. K\u0131r\u0131lan parc\u0327alar\u0131 mutlaka saklay\u0131n\u0131z.<\/span><\/li>\n<li><span style=\"font-family: -apple-system, BlinkMacSystemFont, 'Segoe UI', Roboto, 'Helvetica Neue', Arial, 'Noto Sans', sans-serif, 'Apple Color Emoji', 'Segoe UI Emoji', 'Segoe UI Symbol', 'Noto Color Emoji';\">Tedavinin o\u0308n go\u0308ru\u0308len su\u0308rede bitebilmesi ic\u0327in verilen randevulara uyulmas\u0131 gerekmektedir.<\/span><\/li>\n<li>Tedavinin ilk haftas\u0131nda dis\u0327lerde hareketin bas\u0327lamas\u0131yla birlikte hafif gerginlik, hassasiyet ve ag\u0306r\u0131 olus\u0327abilmektedir. Ag\u0306r\u0131 kesici kullan\u0131labilir. Ag\u0306r\u0131lar k\u0131sa su\u0308rede gec\u0327ecektir.<\/li>\n<\/ul>\n<\/div>\n<\/div>\n<\/div>\n<\/div>\n<div class=\"page\" title=\"Page 25\">\n<div class=\"section\">\n<div class=\"layoutArea\">\n<div class=\"column\">\n<p><strong>Ortodonti Tedavi C\u0327es\u0327itleri Nelerdir?<\/strong><\/p>\n<p><strong>C\u0327ocuklarda<\/strong> o\u0308nleyici ortodonti tedavisi (parmak emme, t\u0131rnak yeme, biberon kullan\u0131m\u0131, ag\u0306\u0131zdan solunum, anormal dil pozisyonu gibi ko\u0308tu\u0308 al\u0131s\u0327kanl\u0131klar\u0131 k\u0131rmaya yo\u0308nelik tedaviler) C\u0327ocuklarda du\u0308zeltici ortodonti tedavileri;<\/p>\n<ul>\n<li>U\u0308st c\u0327ene genis\u0327letme ayg\u0131t\u0131<\/li>\n<li>Yu\u0308z maskesi tedavisi<\/li>\n<li>Fonksiyonel ayg\u0131tlar<\/li>\n<li>Hareketli ayg\u0131tlar<\/li>\n<li>Metal braket<\/li>\n<li>S\u0327effaf plak<\/li>\n<\/ul>\n<p><strong>Yetis\u0327kinlerde<\/strong> ortodonti tedavileri;<\/p>\n<ul>\n<li>Metal braket<\/li>\n<li>S\u0327effaf braket<\/li>\n<li>Lingual braket (ic\u0327ten braket uygulamas\u0131)<\/li>\n<li>S\u0327effaf plak<\/li>\n<li>Ortognatik cerrahi ile ortodonti tedavisi<\/li>\n<\/ul>\n<p><strong>Dis\u0327 Teli Fiyatlar\u0131 Nelerdir?<\/strong><\/p>\n<p>Ortodonti tedavisi, uzun soluklu tedaviler olup du\u0308zenli aral\u0131klarla doktor kontrolu\u0308 gerektirmektedir. Tedavi yo\u0308ntemine, kullan\u0131lan malzemelere go\u0308re fiyatlar deg\u0306is\u0327kenlik go\u0308stermektedir. Hastadaki problemine yo\u0308nelik en uygun tedavi yo\u0308ntemi ve materyal sec\u0327enekleri doktor taraf\u0131ndan sunulmaktad\u0131r.<\/p>\n<p><strong>Ortodonti Tedavisi Hakk\u0131nda S\u0131kc\u0327a Sorulan Sorular<\/strong><\/p>\n<p><strong>May Klinik Ortodonti Klinig\u0306inde Hangi Tedaviler Uygulan\u0131yor?<\/strong><\/p>\n<p>\u00c7ocuklarda ortodonti tedavisi;<\/p>\n<ul>\n<li>C\u0327ocuklarda o\u0308nleyici ortodontik tedaviler,<\/li>\n<li>C\u0327ocuklarda du\u0308zeltici ortodonti tedavisi;<\/li>\n<li>Metal braket tedavisi, Hareketli ayg\u0131tlar,<\/li>\n<li>U\u0308st c\u0327ene genis\u0327letme tedavisi,<\/li>\n<li>Yu\u0308z maskesi<\/li>\n<li>S\u0327effaf plak tedavileri<\/li>\n<\/ul>\n<p>Eris\u0327kin bireylerde ortodonti tedavisi;<\/p>\n<ul>\n<li>Metal, s\u0327effaf, lingual braket tedavileri S\u0327effaf plak tedavileri,<\/li>\n<li>Ortognatik cerrahi ile ortodonti tedavisi<\/li>\n<\/ul>\n<p><strong>Dis\u0327ler Neden C\u0327apras\u0327\u0131k Olur Ve Nas\u0131l Tedavi Edilir?<\/strong><br \/>\nSu\u0308rmekte olan dis\u0327ler genetik nedenlerden kaynakl\u0131 c\u0327ene kemig\u0306ine oranla daha bu\u0308yu\u0308k yap\u0131da ise kemik ic\u0327erisinde yeterli yer bulamaz ve c\u0327apras\u0327\u0131kl\u0131klar olus\u0327ur. Su\u0308t dis\u0327lerinin <span style=\"font-family: -apple-system, BlinkMacSystemFont, 'Segoe UI', Roboto, 'Helvetica Neue', Arial, 'Noto Sans', sans-serif, 'Apple Color Emoji', 'Segoe UI Emoji', 'Segoe UI Symbol', 'Noto Color Emoji';\">zaman\u0131ndan o\u0308nce kaybedilmesi ag\u0306\u0131zda bulunan yetis\u0327kin dis\u0327lerin olus\u0327an bos\u0327lug\u0306a dog\u0306ru kaymas\u0131na neden olur. Bu gibi durumlar su\u0308rmesi gereken dig\u0306er dis\u0327in bos\u0327lug\u0306u kapanarak c\u0327apras\u0327\u0131kl\u0131k meydana getirir.<\/span><\/p>\n<\/div>\n<\/div>\n<\/div>\n<\/div>\n<div class=\"page\" title=\"Page 26\">\n<div class=\"section\">\n<div class=\"layoutArea\">\n<div class=\"column\">\n<p>Su\u0308t dis\u0327lenme do\u0308nemindeki c\u0327ocuklarda uzun su\u0308reli biberon kullanma, parmak emme, t\u0131rnak yeme gibi al\u0131s\u0327kanl\u0131klar c\u0327ene kemiklerinde bozulmalara neden olmaktad\u0131r. Damak kubbesinde derinles\u0327me ve u\u0308st c\u0327enenin daralmas\u0131 sonucu alt c\u0327enenin gelis\u0327iminin engellemesi, u\u0308st o\u0308n dis\u0327lerin ileriye dog\u0306ru ac\u0327\u0131lanmas\u0131 sonucu dis\u0327lerin travmalara ac\u0327\u0131k hale gelmesi olas\u0131d\u0131r. Bu durum o\u0308nlenemedig\u0306i ve tedavi edilmedig\u0306i takdirde fonksiyonel ve estetik ac\u0327\u0131dan problemlere yol ac\u0327maktad\u0131r.<\/p>\n<p>Solunum yolu enfeksiyonu veya alerjiden kaynakl\u0131 uzun su\u0308reli ag\u0306\u0131zdan solunum yapan c\u0327ocuklarda, fonksiyon bozuklug\u0306unun o\u0308nceden tes\u0327his edilip tedavi edilmemesi sonucu u\u0308st c\u0327ene ve orta yu\u0308z yeterince gelis\u0327emez ve alt c\u0327eneye k\u0131yasla geride kal\u0131r. Bu gibi c\u0327evresel etkenlerin yan\u0131 s\u0131ra genetik yatk\u0131nl\u0131ktan kaynakl\u0131 olarak da u\u0308st ve alt c\u0327enenin birbirine ve yu\u0308ze go\u0308re ilis\u0327kinin bozuldug\u0306u go\u0308ru\u0308lebilmektedir.<\/p>\n<p>C\u0327apras\u0327\u0131kl\u0131k problemi, braket tedavileri veya s\u0327effaf plak tedavileri ile c\u0327o\u0308zebilmektedir.<\/p>\n<p><strong>Ortodontik Tedavinin Yas\u0327\u0131 Var M\u0131d\u0131r?<\/strong><\/p>\n<p>7 yas\u0327 civar\u0131nda su\u0308t dis\u0327lerin du\u0308s\u0327meye bas\u0327lay\u0131p ilk daimi dis\u0327in su\u0308rmesi ile birlikte ortodonti muayenesi gerekmektedir. I\u0307htiyac\u0327 durumunda bu do\u0308nemde o\u0308nleyici veya du\u0308zeltici ortodonti tedavileri uygulanabilmektedir. Daimi dis\u0327lerin 12-14 yas\u0327 civar\u0131nda tamamlanmas\u0131 ile birlikte du\u0308zeltici ortodonti tedavileri uygulanabilmektedir. Bu\u0308yu\u0308me gelis\u0327imin tamamlanmas\u0131 ile birlikte s\u0327iddetli iskeletsel problemi olan hastalarda ortognatik cerrahi ile ortodonti tedavisi uygulanabilir. Basit dis\u0327sel problemler ilerleyen do\u0308nemlerde her yas\u0327ta uygulanabilmektedir.<\/p>\n<p><strong>Tedavi Seanslar\u0131 Ne S\u0131kl\u0131ktad\u0131r?<\/strong><\/p>\n<p>Yap\u0131lan tedavi yo\u0308ntemine ve uygulamalara go\u0308re deg\u0306is\u0327kenlik go\u0308stermekte olup, 3 ile 8 hafta aras\u0131nda doktor taraf\u0131ndan belirlenen s\u0131kl\u0131klarda randevu seanslar\u0131 verilmektedir.<\/p>\n<p><strong>C\u0327apras\u0327\u0131k Dis\u0327ler Tedavi Olmad\u0131g\u0306\u0131nda Ne Gibi Sorunlar Go\u0308ru\u0308lebilir?<\/strong><\/p>\n<p>C\u0327apras\u0327\u0131kl\u0131k dis\u0327lerin iyi temizlenememesinden kaynakl\u0131 ilerleyen do\u0308nemde s\u0327iddetli dis\u0327eti problemleri ve kemik kay\u0131plar\u0131 yas\u0327anmaktad\u0131r. Tedavisi yap\u0131lmad\u0131g\u0306\u0131 takdirde dis\u0327 kay\u0131plar\u0131na kadar ilerleyen problemler olus\u0327maktad\u0131r.<\/p>\n<p><strong>Ortodontik Tedavi Su\u0308recinde Dis\u0327 Bak\u0131m\u0131 Nas\u0131l Olmal\u0131d\u0131r?<\/strong><\/p>\n<p>Her yemekten sonra en az 3 dakika boyunca dis\u0327lerin doktorun tavsiye ettig\u0306i s\u0327ekilde f\u0131rc\u0327alanmas\u0131 gerekmektedir. Ard\u0131ndan doktorunuzun o\u0308nerdig\u0306i boyutlarda al\u0131nan ara yu\u0308z f\u0131rc\u0327alar\u0131 veya ag\u0306\u0131z dus\u0327u ile ayg\u0131t aralar\u0131, dis\u0327 aralar\u0131 ve braket c\u0327evresi gu\u0308zelce f\u0131rc\u0327alanmal\u0131d\u0131r. Tedavi s\u0131ras\u0131nda kullan\u0131lan hareketli ayg\u0131tlar veya s\u0327effaf plaklar her yemekten sonra mutlaka temiz bir f\u0131rc\u0327a ile su alt\u0131nda f\u0131rc\u0327alanmal\u0131d\u0131r.<\/p>\n<p><strong>Ortodontik Tedavide Braketler Du\u0308s\u0327memesi I\u0307c\u0327in Ne Yap\u0131lmal\u0131d\u0131r?<\/strong><\/p>\n<p>Doktorunuzun o\u0308nerileri dog\u0306rultusunda sert g\u0131dalardan olabildig\u0306ince kac\u0327\u0131nmal\u0131, mu\u0308mku\u0308n oldug\u0306undan ufalanm\u0131s\u0327 ku\u0308c\u0327u\u0308k dilimler halinde tu\u0308ketilmelidir. Jelibon, sak\u0131z gibi yumus\u0327ak g\u0131dalardan kac\u0327\u0131n\u0131lmal\u0131d\u0131r. Asitli ic\u0327ecekler mu\u0308mku\u0308n oldug\u0306unca tu\u0308ketilmemelidir. O\u0308g\u0306u\u0308nlerde <span style=\"font-family: -apple-system, BlinkMacSystemFont, 'Segoe UI', Roboto, 'Helvetica Neue', Arial, 'Noto Sans', sans-serif, 'Apple Color Emoji', 'Segoe UI Emoji', 'Segoe UI Symbol', 'Noto Color Emoji';\">tu\u0308ketilen g\u0131dalar\u0131 olabildig\u0306ince \u0131s\u0131rmadan, c\u0327atal b\u0131c\u0327ak kullan\u0131m\u0131 ile ku\u0308c\u0327u\u0308k lokmalar halinde tu\u0308ketilmesi o\u0308nerilmektedir.<\/span><\/p>\n<\/div>\n<\/div>\n<\/div>\n<\/div>\n<div class=\"page\" title=\"Page 27\">\n<div class=\"section\">\n<div class=\"layoutArea\">\n<div class=\"column\">\n<p><strong>Dis\u0327 Telleri C\u0327\u0131kar\u0131l\u0131rken Dis\u0327lere Zarar Verir Mi?<\/strong><\/p>\n<p>Dis\u0327 telleri c\u0327\u0131kart\u0131l\u0131rken dis\u0327 yu\u0308zeyine zarar vermez. Braketin c\u0327\u0131kar\u0131lmas\u0131n\u0131n ard\u0131ndan dis\u0327 yu\u0308zeyinde kalan yap\u0131s\u0327kan art\u0131g\u0306\u0131 ortodontistiniz taraf\u0131ndan dikkatlice dis\u0327ten uzaklas\u0327t\u0131r\u0131l\u0131r.<\/p>\n<p><strong>Telsiz Tedavi Mu\u0308mku\u0308n Mu\u0308du\u0308r?<\/strong><\/p>\n<p>Telsiz ortodonti tedavisi I\u0307nvisalign s\u0327effaf plaklar\u0131 ile yap\u0131lmaktad\u0131r. Gelis\u0327en teknoloji sayesinde hastalardan al\u0131nan dijital kay\u0131tlar ile bilgisayarl\u0131 ortamda tedavi planlamalar\u0131 yap\u0131l\u0131r. Kis\u0327iye o\u0308zgu\u0308 u\u0308retilen plaklar sayesinde hastalar\u0131n ortodonti tedavisi bas\u0327ar\u0131l\u0131 bir s\u0327ekilde tamamlan\u0131r.<\/p>\n<p><strong>Perident Klinig\u0306inde I\u0307nvisalign Hangi Tedavilerde Uygulanmaktad\u0131r?<\/strong><\/p>\n<p>C\u0327ocuk yas\u0327tan yetis\u0327kin bireye kadar hemen hemen her yas\u0327 grubunda uygulanabilmekte olup, birc\u0327ok problemin tedavisinde uygulanabilmektedir.<\/p>\n<p><strong>Invisalign nedir?<\/strong><\/p>\n<p>I\u0307nvisalign, dijital ortamda hastaya o\u0308zgu\u0308 u\u0308retilen s\u0327effaf plaklarla yap\u0131lan ortodonti tedavi yo\u0308ntemidir. U\u0308c\u0327 boyutlu dijital taray\u0131c\u0131lar ile al\u0131nan hasta kay\u0131tlar\u0131 bilgisayarl\u0131 ortama aktar\u0131l\u0131r. Doktor taraf\u0131ndan bilgisayarda yap\u0131lan tedavi planlamas\u0131 sonras\u0131 u\u0308c\u0327 boyutlu yaz\u0131c\u0131 ile invisalign plaklar\u0131 u\u0308retilir. 3-4 hafta su\u0308ren haz\u0131rl\u0131k su\u0308resi sonras\u0131nda yurtd\u0131s\u0327\u0131ndan klinig\u0306e go\u0308nderilen plaklar doktorun kontrolu\u0308nde hastaya uygulan\u0131r. I\u0307nvisalign plaklar\u0131n\u0131n gu\u0308nden en az 22 saat tak\u0131lmas\u0131 gerekmektedir. Sadece yemek yendig\u0306i ve s\u0131cak ic\u0327ecek ic\u0327ildig\u0306i zaman c\u0327\u0131kart\u0131lmal\u0131, vakit kaybetmeden dis\u0327ler ve plaklar f\u0131rc\u0327alan\u0131p hemen geri tak\u0131lmal\u0131d\u0131r. Her bir plak doktorun o\u0308nerdig\u0306i gu\u0308n say\u0131s\u0131 kadar tak\u0131lmal\u0131 ard\u0131ndan da bir sonraki plag\u0306a gec\u0327ilmelidir. Belirli aral\u0131klarla doktor kontrolu\u0308 yap\u0131larak tedavi ilerlemektedir.<\/p>\n<p><strong>Dis\u0327lerimin tedavi sonunda nas\u0131l olacag\u0306\u0131n\u0131 go\u0308rebilecek miyim?<\/strong><\/p>\n<p>I\u0307nvisalign tedavileri dijital ortamda bas\u0327tan sona planland\u0131g\u0306\u0131ndan dolay\u0131 tedavi sonunda dis\u0327lerin tahmini nas\u0131l go\u0308ru\u0308neceg\u0306i hastaya o\u0308nceden go\u0308sterilebilmektedir.<\/p>\n<p><strong>Telle yap\u0131lan tedavilere go\u0308re ne avantajlar\u0131 var?<\/strong><\/p>\n<p>I\u0307nvisalign tedavisinim tel tedavisine go\u0308re en bu\u0308yu\u0308k avantaj\u0131 hasta konforudur. Yemek yeme ve dis\u0327 f\u0131rc\u0327alama s\u0131ras\u0131ndan c\u0327\u0131kart\u0131labilir olmas\u0131ndan dolay\u0131 hastalar tel tedavisine k\u0131yasla rahatc\u0327a yemek yiyebilmekte ve dis\u0327 f\u0131rc\u0327alayabilmektedir. Dig\u0306er bir avantaj\u0131 ise s\u0327effaf olmalar\u0131ndan dolay\u0131 oldukc\u0327a estetik olmas\u0131d\u0131r. Estetik kayg\u0131s\u0131 olan yetis\u0327kin bireyler gu\u0308nlu\u0308k hayatta oldukc\u0327a rahat kullanabilmektedir. Braket tedavilerine k\u0131yasla bir dig\u0306er avantaj ise tedavi su\u0308resi ve sonucu o\u0308nceden tahmin edilebilmektedir.<\/p>\n<p><strong>Farkl\u0131 isimlerle yurtic\u0327i ve yurtd\u0131s\u0327\u0131ndan gelen bas\u0327ka markalar da var. Invisalign\u2019\u0131n onlardan ne fark\u0131 var?<\/strong><\/p>\n<\/div>\n<\/div>\n<\/div>\n<\/div>\n<div class=\"page\" title=\"Page 28\">\n<div class=\"section\">\n<div class=\"layoutArea\">\n<div class=\"column\">\n<p>Yerli ve yabanc\u0131 birc\u0327ok s\u0327effaf plak markas\u0131 bulunmaktad\u0131r. I\u0307nvisalign markas\u0131 s\u0327effaf plak tedavisinin o\u0308ncu\u0308su\u0308 olup c\u0327ok gelis\u0327mis\u0327 bir plak teknolojisine sahiptir. I\u0307nvisalign markas\u0131 en bu\u0308yu\u0308k hasta veri taban\u0131na sahip olmas\u0131ndan kaynakl\u0131 dig\u0306er tu\u0308m s\u0327effaf plak markalar\u0131na k\u0131yasla c\u0327ok daha bas\u0327ar\u0131l\u0131 tedaviler sunabilmektedir.<\/p>\n<p><strong>Invisalign Tedavi su\u0308resi ortalama nedir?<\/strong><\/p>\n<p>Tedavi su\u0308resi problemin s\u0327iddetine bag\u0306l\u0131 olarak deg\u0306is\u0327mekte olup ortalama 3-24 ay aras\u0131 deg\u0306is\u0327mektedir.<\/p>\n<p><strong>Tedavi sonras\u0131nda nelere dikkat etmeliyim?<\/strong><\/p>\n<p>Tedavinin sonucunun uzun su\u0308reler boyu korunmas\u0131 ic\u0327in doktorun o\u0308nerdig\u0306i s\u0327ekilde koruyucu plaklar tak\u0131lmal\u0131 ve du\u0308zenli olarak y\u0131lda bir kontroller yapt\u0131r\u0131lmal\u0131d\u0131r. Dis\u0327lerde herhangi bir bozulma fark edildig\u0306i takdirde doktorunuz ile iletis\u0327ime gec\u0327ilmelidir.<\/p>\n<\/div>\n<\/div>\n<\/div>\n<\/div>\n<\/div>\n<\/div>\n<\/div>\n<\/div>\n<\/div>\n<\/div>\n<\/div>\n<\/div>","protected":false},"excerpt":{"rendered":"<p>Ortodonti Nedir? Ortodonti, dis\u0327lerin konumu, c\u0327ene kemiklerinin birbirine ve\/veya yu\u0308ze go\u0308re ilis\u0327kilerini inceleyen, uyumsuzluklar\u0131n olus\u0327mas\u0131n\u0131 o\u0308nlemeye c\u0327al\u0131s\u0327an ve varolan bozukluklar\u0131n tedavisini uygulayan bilim dal\u0131d\u0131r Ortodonti Tedavisi Hangi Rahats\u0131zl\u0131klarda Uygulan\u0131r? C\u0327apras\u0327\u0131k dis\u0327lerin olmas\u0131 Ac\u0327\u0131k kapan\u0131s\u0327\u0131n olmas\u0131 (Birbirini o\u0308rtmeyen dis\u0327ler) Derin kapan\u0131s\u0327\u0131n olmas\u0131 U\u0308st c\u0327enesi alt c\u0327enesine go\u0308re o\u0308nde olmas\u0131 Alt c\u0327enenin u\u0308st c\u0327eneye go\u0308re o\u0308nde olmas\u0131 U\u0308st c\u0327enenin dar ve u\u0308c\u0327gen formda olmas\u0131 Asimetrik c\u0327ene kapan\u0131s\u0327\u0131 varl\u0131g\u0306\u0131nda ortodontik tedaviler uygulanabilmektedir Ortodonti Tedavi Su\u0308resi Ne Kadard\u0131r? Probleme go\u0308re deg\u0306is\u0327mekte olup, ortalama 8-30 ay aras\u0131 deg\u0306is\u0327mektedir. Ortodonti Tedavisi Su\u0308recinde Nelere Dikkat Edilmelidir? Her o\u0308g\u0306u\u0308nden sonra dis\u0327lerin en az 3 dakika f\u0131rc\u0327alanmal\u0131, ara yu\u0308z<\/p>","protected":false},"author":1,"featured_media":0,"parent":0,"menu_order":0,"comment_status":"closed","ping_status":"closed","template":"","meta":{"footnotes":""},"class_list":["post-127","page","type-page","status-publish","hentry"],"yoast_head":"<!-- This site is optimized with the Yoast SEO plugin v21.5 - https:\/\/yoast.com\/wordpress\/plugins\/seo\/ -->\n<title>Sef Klinik | Ortodonti<\/title>\n<meta name=\"description\" content=\"Sef Klinik | Ortodonti\" \/>\n<meta name=\"robots\" content=\"index, follow, max-snippet:-1, max-image-preview:large, max-video-preview:-1\" \/>\n<link rel=\"canonical\" href=\"https:\/\/sefclinic.com\/en\/ortodonti\/\" \/>\n<meta property=\"og:locale\" content=\"en_US\" \/>\n<meta property=\"og:type\" content=\"article\" \/>\n<meta property=\"og:title\" content=\"Sef Klinik | Ortodonti\" \/>\n<meta property=\"og:description\" content=\"Sef Klinik | Ortodonti\" \/>\n<meta property=\"og:url\" content=\"https:\/\/sefclinic.com\/en\/ortodonti\/\" \/>\n<meta property=\"og:site_name\" content=\"Sef Klinik\" \/>\n<meta property=\"article:publisher\" content=\"https:\/\/www.facebook.com\/sefclinictr\" \/>\n<meta property=\"article:modified_time\" content=\"2023-01-27T11:33:21+00:00\" \/>\n<meta property=\"og:image\" content=\"https:\/\/sefclinic.com\/wp-content\/uploads\/2023\/01\/May-Dental-54-1-scaled.jpg\" \/>\n\t<meta property=\"og:image:width\" content=\"2560\" \/>\n\t<meta property=\"og:image:height\" content=\"1707\" \/>\n\t<meta property=\"og:image:type\" content=\"image\/jpeg\" \/>\n<meta name=\"twitter:card\" content=\"summary_large_image\" \/>\n<meta name=\"twitter:label1\" content=\"Est. reading time\" \/>\n\t<meta name=\"twitter:data1\" content=\"9 minutes\" \/>\n<script type=\"application\/ld+json\" class=\"yoast-schema-graph\">{\"@context\":\"https:\/\/schema.org\",\"@graph\":[{\"@type\":\"WebPage\",\"@id\":\"https:\/\/sefclinic.com\/ortodonti\/\",\"url\":\"https:\/\/sefclinic.com\/ortodonti\/\",\"name\":\"Sef Klinik | Ortodonti\",\"isPartOf\":{\"@id\":\"https:\/\/sefclinic.com\/#website\"},\"datePublished\":\"2023-01-27T11:24:58+00:00\",\"dateModified\":\"2023-01-27T11:33:21+00:00\",\"description\":\"Sef Klinik | Ortodonti\",\"breadcrumb\":{\"@id\":\"https:\/\/sefclinic.com\/ortodonti\/#breadcrumb\"},\"inLanguage\":\"en-US\",\"potentialAction\":[{\"@type\":\"ReadAction\",\"target\":[\"https:\/\/sefclinic.com\/ortodonti\/\"]}]},{\"@type\":\"BreadcrumbList\",\"@id\":\"https:\/\/sefclinic.com\/ortodonti\/#breadcrumb\",\"itemListElement\":[{\"@type\":\"ListItem\",\"position\":1,\"name\":\"Anasayfa\",\"item\":\"https:\/\/sefclinic.com\/\"},{\"@type\":\"ListItem\",\"position\":2,\"name\":\"Ortodonti\"}]},{\"@type\":\"WebSite\",\"@id\":\"https:\/\/sefclinic.com\/#website\",\"url\":\"https:\/\/sefclinic.com\/\",\"name\":\"SEF KL\u0130N\u0130K\",\"description\":\"Smile Awesome!\",\"publisher\":{\"@id\":\"https:\/\/sefclinic.com\/#organization\"},\"potentialAction\":[{\"@type\":\"SearchAction\",\"target\":{\"@type\":\"EntryPoint\",\"urlTemplate\":\"https:\/\/sefclinic.com\/?s={search_term_string}\"},\"query-input\":\"required name=search_term_string\"}],\"inLanguage\":\"en-US\"},{\"@type\":\"Organization\",\"@id\":\"https:\/\/sefclinic.com\/#organization\",\"name\":\"SEF KL\u0130N\u0130K\",\"url\":\"https:\/\/sefclinic.com\/\",\"logo\":{\"@type\":\"ImageObject\",\"inLanguage\":\"en-US\",\"@id\":\"https:\/\/sefclinic.com\/#\/schema\/logo\/image\/\",\"url\":\"https:\/\/sefclinic.com\/wp-content\/uploads\/2023\/01\/Adsiz-100-\u00d7-56-piksel-1-e1674215712983.png\",\"contentUrl\":\"https:\/\/sefclinic.com\/wp-content\/uploads\/2023\/01\/Adsiz-100-\u00d7-56-piksel-1-e1674215712983.png\",\"width\":313,\"height\":65,\"caption\":\"SEF KL\u0130N\u0130K\"},\"image\":{\"@id\":\"https:\/\/sefclinic.com\/#\/schema\/logo\/image\/\"},\"sameAs\":[\"https:\/\/www.facebook.com\/sefclinictr\",\"https:\/\/www.instagram.com\/sefklinik\",\"https:\/\/www.instagram.com\/sefclinicint\"]}]}<\/script>\n<!-- \/ Yoast SEO plugin. -->","yoast_head_json":{"title":"Sef Klinik | Ortodonti","description":"Sef Klinik | Ortodonti","robots":{"index":"index","follow":"follow","max-snippet":"max-snippet:-1","max-image-preview":"max-image-preview:large","max-video-preview":"max-video-preview:-1"},"canonical":"https:\/\/sefclinic.com\/en\/ortodonti\/","og_locale":"en_US","og_type":"article","og_title":"Sef Klinik | Ortodonti","og_description":"Sef Klinik | Ortodonti","og_url":"https:\/\/sefclinic.com\/en\/ortodonti\/","og_site_name":"Sef Klinik","article_publisher":"https:\/\/www.facebook.com\/sefclinictr","article_modified_time":"2023-01-27T11:33:21+00:00","og_image":[{"width":2560,"height":1707,"url":"https:\/\/sefclinic.com\/wp-content\/uploads\/2023\/01\/May-Dental-54-1-scaled.jpg","type":"image\/jpeg"}],"twitter_card":"summary_large_image","twitter_misc":{"Est. reading time":"9 minutes"},"schema":{"@context":"https:\/\/schema.org","@graph":[{"@type":"WebPage","@id":"https:\/\/sefclinic.com\/ortodonti\/","url":"https:\/\/sefclinic.com\/ortodonti\/","name":"Sef Klinik | Ortodonti","isPartOf":{"@id":"https:\/\/sefclinic.com\/#website"},"datePublished":"2023-01-27T11:24:58+00:00","dateModified":"2023-01-27T11:33:21+00:00","description":"Sef Klinik | Ortodonti","breadcrumb":{"@id":"https:\/\/sefclinic.com\/ortodonti\/#breadcrumb"},"inLanguage":"en-US","potentialAction":[{"@type":"ReadAction","target":["https:\/\/sefclinic.com\/ortodonti\/"]}]},{"@type":"BreadcrumbList","@id":"https:\/\/sefclinic.com\/ortodonti\/#breadcrumb","itemListElement":[{"@type":"ListItem","position":1,"name":"Anasayfa","item":"https:\/\/sefclinic.com\/"},{"@type":"ListItem","position":2,"name":"Ortodonti"}]},{"@type":"WebSite","@id":"https:\/\/sefclinic.com\/#website","url":"https:\/\/sefclinic.com\/","name":"SEF KL\u0130N\u0130K","description":"Smile Awesome!","publisher":{"@id":"https:\/\/sefclinic.com\/#organization"},"potentialAction":[{"@type":"SearchAction","target":{"@type":"EntryPoint","urlTemplate":"https:\/\/sefclinic.com\/?s={search_term_string}"},"query-input":"required name=search_term_string"}],"inLanguage":"en-US"},{"@type":"Organization","@id":"https:\/\/sefclinic.com\/#organization","name":"SEF KL\u0130N\u0130K","url":"https:\/\/sefclinic.com\/","logo":{"@type":"ImageObject","inLanguage":"en-US","@id":"https:\/\/sefclinic.com\/#\/schema\/logo\/image\/","url":"https:\/\/sefclinic.com\/wp-content\/uploads\/2023\/01\/Adsiz-100-\u00d7-56-piksel-1-e1674215712983.png","contentUrl":"https:\/\/sefclinic.com\/wp-content\/uploads\/2023\/01\/Adsiz-100-\u00d7-56-piksel-1-e1674215712983.png","width":313,"height":65,"caption":"SEF KL\u0130N\u0130K"},"image":{"@id":"https:\/\/sefclinic.com\/#\/schema\/logo\/image\/"},"sameAs":["https:\/\/www.facebook.com\/sefclinictr","https:\/\/www.instagram.com\/sefklinik","https:\/\/www.instagram.com\/sefclinicint"]}]}},"_links":{"self":[{"href":"https:\/\/sefclinic.com\/en\/wp-json\/wp\/v2\/pages\/127","targetHints":{"allow":["GET"]}}],"collection":[{"href":"https:\/\/sefclinic.com\/en\/wp-json\/wp\/v2\/pages"}],"about":[{"href":"https:\/\/sefclinic.com\/en\/wp-json\/wp\/v2\/types\/page"}],"author":[{"embeddable":true,"href":"https:\/\/sefclinic.com\/en\/wp-json\/wp\/v2\/users\/1"}],"replies":[{"embeddable":true,"href":"https:\/\/sefclinic.com\/en\/wp-json\/wp\/v2\/comments?post=127"}],"version-history":[{"count":2,"href":"https:\/\/sefclinic.com\/en\/wp-json\/wp\/v2\/pages\/127\/revisions"}],"predecessor-version":[{"id":129,"href":"https:\/\/sefclinic.com\/en\/wp-json\/wp\/v2\/pages\/127\/revisions\/129"}],"wp:attachment":[{"href":"https:\/\/sefclinic.com\/en\/wp-json\/wp\/v2\/media?parent=127"}],"curies":[{"name":"wp","href":"https:\/\/api.w.org\/{rel}","templated":true}]}}