{"id":121,"date":"2023-01-27T11:19:36","date_gmt":"2023-01-27T11:19:36","guid":{"rendered":"https:\/\/sefclinic.com\/tme-kopya\/"},"modified":"2023-01-27T11:21:28","modified_gmt":"2023-01-27T11:21:28","slug":"endodonti","status":"publish","type":"page","link":"https:\/\/sefclinic.com\/en\/endodonti\/","title":{"rendered":"Endodontics"},"content":{"rendered":"<div class=\"page\" title=\"Page 16\">\n<div class=\"section\">\n<div class=\"layoutArea\">\n<div class=\"column\">\n<div class=\"page\" title=\"Page 17\">\n<div class=\"section\">\n<div class=\"layoutArea\">\n<div class=\"column\">\n<div class=\"page\" title=\"Page 18\">\n<div class=\"section\">\n<div class=\"layoutArea\">\n<div class=\"column\">\n<p><strong>SEF Klinik Endodonti Klinig\u0306inde hangi tedaviler uygulanmaktad\u0131r?<\/strong><\/p>\n<p>Her Tu\u0308rlu\u0308 Endodontik Uygulaman\u0131n Yap\u0131ld\u0131g\u0306\u0131 Kliniktir. Endodonti, pulpa tedavileri ile ilgili gerekli uygulamalar\u0131 kapsayan o\u0308zel bir dis\u0327 hekimlig\u0306i uzmanl\u0131k alan\u0131d\u0131r. Endodonti Klinig\u0306inde as\u0327ag\u0306\u0131daki tedavi hizmetleri ve fazlas\u0131 hastalar\u0131m\u0131za sunulmaktad\u0131r:<\/p>\n<\/div>\n<\/div>\n<\/div>\n<div class=\"section\">\n<div class=\"layoutArea\">\n<div class=\"column\">\n<ul>\n<li>Kanal Tedavisi<\/li>\n<li>Periapikal Lezyonlu Dis\u0327te Kanal Tedavisi<\/li>\n<li>Kanal I\u0307c\u0327i Beyazlatma<\/li>\n<li>Kanal Tedavisi Tekrar\u0131 (Retreatment)<\/li>\n<\/ul>\n<\/div>\n<\/div>\n<\/div>\n<\/div>\n<div class=\"page\" title=\"Page 19\">\n<div class=\"layoutArea\">\n<div class=\"column\">\n<p><strong>Kanal tedavisi nedir ve kimlere uygulan\u0131r?<\/strong><\/p>\n<p>Derin c\u0327u\u0308ru\u0308k veya travma sebepli iltihaplanan veya nekroz olan ko\u0308k kanallar\u0131nda bulunan sinirlerin al\u0131nmas\u0131,temizlenmesi,s\u0327ekillendirilip doldurulmas\u0131 is\u0327lemidir. Ayr\u0131ca o\u0308zellikle c\u0327u\u0308ru\u0308g\u0306u\u0308n pulpaya yak\u0131n oldug\u0306u durumlarda sog\u0306uktan ve o\u0308zellikle s\u0131caktan etkilenip hassaslas\u0327an yemek yerken bas\u0131nc\u0327ta ag\u0306r\u0131 yapan dis\u0327ler ic\u0327in de kanal tedavisi uygulanabilir.<\/p>\n<\/div>\n<\/div>\n<div class=\"layoutArea\">\n<div class=\"column\">\n<p><strong>1. Kanal tedavisi ag\u0306r\u0131l\u0131 bir is\u0327lem midir?<\/strong><\/p>\n<\/div>\n<\/div>\n<div class=\"layoutArea\">\n<div class=\"column\">\n<p>Tedavi lokal anestezi alt\u0131nda gerc\u0327ekles\u0327tirilip etkilenen dis\u0327 uyus\u0327turuldug\u0306u ic\u0327in herhangi bir ag\u0306r\u0131 hissedilmez.<\/p>\n<\/div>\n<\/div>\n<div class=\"layoutArea\">\n<div class=\"column\">\n<p><strong>2. Kanal tedavi su\u0308resi nedir?<\/strong><\/p>\n<\/div>\n<\/div>\n<div class=\"layoutArea\">\n<div class=\"column\">\n<p>Periapikal lezyonlu veya ekstraoral boyutta abse olmayacak tarzda enfekte dis\u0327ler ic\u0327in tek seansta tedavi bitirilir.<\/p>\n<\/div>\n<\/div>\n<div class=\"layoutArea\">\n<div class=\"column\">\n<p><strong>3. Kanal tedavisi olan dis\u0327 tekrar ag\u0306r\u0131r m\u0131?<\/strong><\/p>\n<\/div>\n<\/div>\n<div class=\"layoutArea\">\n<div class=\"column\">\n<p>Genellikle dis\u0327lerin sinirleri al\u0131nd\u0131g\u0306\u0131 ic\u0327in herhangi bir ag\u0306r\u0131 olmaz. Ancak ileri derece enfekte bir dis\u0327in kanal tedavisi sonras\u0131nda o\u0308zellikle ilk hafta dis\u0327te bas\u0131nc\u0327ta hassasiyet tarz\u0131nda iyiles\u0327me ag\u0306r\u0131lar\u0131 go\u0308ru\u0308lebilir. Bu tarz ag\u0306r\u0131lar zamanla azal\u0131p kaybolacakt\u0131r. Uzun y\u0131llar sonra tekrar enfekte olan kanal tedavili dis\u0327lerde de ag\u0306r\u0131lar olabilir.<\/p>\n<\/div>\n<\/div>\n<div class=\"layoutArea\">\n<div class=\"column\">\n<p><strong>4. Kanal tedavisinin alternatifi var m\u0131d\u0131r?<\/strong><\/p>\n<\/div>\n<\/div>\n<div class=\"layoutArea\">\n<div class=\"column\">\n<p>Kanal tedavisinin bas\u0327ar\u0131s\u0131z oldug\u0306u durumlarda dis\u0327in ko\u0308k ucuna cerrahi mu\u0308dahale yap\u0131labilir ya da dis\u0327in c\u0327ekimi du\u0308s\u0327u\u0308nu\u0308lmelidir.<\/p>\n<p>&nbsp;<\/p>\n<p><strong>Dis\u0327 ag\u0306r\u0131s\u0131 neden olus\u0327ur?<\/strong><\/p>\n<p>Dis\u0327 ag\u0306r\u0131s\u0131na neden birc\u0327ok sebep vard\u0131r:<\/p>\n<\/div>\n<\/div>\n<div class=\"layoutArea\">\n<div class=\"column\">\n<ul>\n<li>Dis\u0327 c\u0327u\u0308ru\u0308kleri<\/li>\n<li>Dis\u0327lerdeki kemik kayb\u0131<\/li>\n<li>Dis\u0327 eti sorunlar\u0131<\/li>\n<li>Yanl\u0131s\u0327 yap\u0131lm\u0131s\u0327 tedaviler<\/li>\n<li>Dis\u0327 g\u0131c\u0131rdatma<\/li>\n<li>En o\u0308nemli etken ise yetersiz ag\u0306\u0131z hijyeni<\/li>\n<\/ul>\n<\/div>\n<\/div>\n<div class=\"layoutArea\">\n<div class=\"column\">\n<p><strong>Post uygulamas\u0131 nedir?<\/strong><\/p>\n<p>Dis\u0327lerin as\u0327\u0131r\u0131 harabiyetine bag\u0306l\u0131 olarak uygulanan dis\u0327 ko\u0308ku\u0308nu\u0308n ic\u0327erisine yerles\u0327tirilen ince bir c\u0327ubuk vas\u0131tas\u0131 ile hem ko\u0308kten hem dis\u0327in u\u0308st k\u0131sm\u0131ndan destek alan ve dis\u0327in dayanakl\u0131g\u0306\u0131n\u0131 art\u0131ran yo\u0308ntemdir.<\/p>\n<\/div>\n<\/div>\n<div class=\"layoutArea\">\n<div class=\"column\">\n<p><strong>1. Kac\u0327 tip post vard\u0131r?<\/strong><\/p>\n<ul>\n<li>Metal Post<\/li>\n<li>Fiber Post<\/li>\n<\/ul>\n<p><strong>2. Hangi durumlarda fiber post yap\u0131l\u0131r?<\/strong><\/p>\n<\/div>\n<\/div>\n<div class=\"layoutArea\">\n<div class=\"column\">\n<p>Dis\u0327in u\u0308zerinde c\u0327ok fazla madde kayb\u0131 varsa, dolgu veya kaplama tedavilerinin o\u0308ncesi gu\u0308c\u0327lendirmek ic\u0327in yap\u0131l\u0131r.<\/p>\n<\/div>\n<\/div>\n<div class=\"layoutArea\">\n<div class=\"column\">\n<p><strong>3. Fiber Post tedavisinde ag\u0306r\u0131 hissedebilir miyim?<\/strong><\/p>\n<\/div>\n<\/div>\n<div class=\"layoutArea\">\n<div class=\"column\">\n<p>Kanal tedavili dis\u0327lere uyguland\u0131g\u0306\u0131 ic\u0327in anestezi ya da uyus\u0327turmas\u0131na gerek yoktur. Bu durumda ag\u0306r\u0131 da hissedilmez.<\/p>\n<\/div>\n<\/div>\n<\/div>\n<\/div>\n<\/div>\n<\/div>\n<\/div>\n<\/div>\n<\/div>\n<\/div>\n<\/div>","protected":false},"excerpt":{"rendered":"<p>SEF Klinik Endodonti Klinig\u0306inde hangi tedaviler uygulanmaktad\u0131r? Her Tu\u0308rlu\u0308 Endodontik Uygulaman\u0131n Yap\u0131ld\u0131g\u0306\u0131 Kliniktir. Endodonti, pulpa tedavileri ile ilgili gerekli uygulamalar\u0131 kapsayan o\u0308zel bir dis\u0327 hekimlig\u0306i uzmanl\u0131k alan\u0131d\u0131r. Endodonti Klinig\u0306inde as\u0327ag\u0306\u0131daki tedavi hizmetleri ve fazlas\u0131 hastalar\u0131m\u0131za sunulmaktad\u0131r: Kanal Tedavisi Periapikal Lezyonlu Dis\u0327te Kanal Tedavisi Kanal I\u0307c\u0327i Beyazlatma Kanal Tedavisi Tekrar\u0131 (Retreatment) Kanal tedavisi nedir ve kimlere uygulan\u0131r? Derin c\u0327u\u0308ru\u0308k veya travma sebepli iltihaplanan veya nekroz olan ko\u0308k kanallar\u0131nda bulunan sinirlerin al\u0131nmas\u0131,temizlenmesi,s\u0327ekillendirilip doldurulmas\u0131 is\u0327lemidir. Ayr\u0131ca o\u0308zellikle c\u0327u\u0308ru\u0308g\u0306u\u0308n pulpaya yak\u0131n oldug\u0306u durumlarda sog\u0306uktan ve o\u0308zellikle s\u0131caktan etkilenip hassaslas\u0327an yemek yerken bas\u0131nc\u0327ta ag\u0306r\u0131 yapan dis\u0327ler ic\u0327in de kanal tedavisi uygulanabilir. 1. Kanal tedavisi ag\u0306r\u0131l\u0131<\/p>","protected":false},"author":1,"featured_media":0,"parent":0,"menu_order":0,"comment_status":"closed","ping_status":"closed","template":"","meta":{"footnotes":""},"class_list":["post-121","page","type-page","status-publish","hentry"],"yoast_head":"<!-- This site is optimized with the Yoast SEO plugin v21.5 - https:\/\/yoast.com\/wordpress\/plugins\/seo\/ -->\n<title>Sef Klinik | Endodonti<\/title>\n<meta name=\"description\" content=\"Sef Klinik | Endodonti\" \/>\n<meta name=\"robots\" content=\"index, follow, max-snippet:-1, max-image-preview:large, max-video-preview:-1\" \/>\n<link rel=\"canonical\" href=\"https:\/\/sefclinic.com\/en\/endodonti\/\" \/>\n<meta property=\"og:locale\" content=\"en_US\" \/>\n<meta property=\"og:type\" content=\"article\" \/>\n<meta property=\"og:title\" content=\"Sef Klinik | Endodonti\" \/>\n<meta property=\"og:description\" content=\"Sef Klinik | Endodonti\" \/>\n<meta property=\"og:url\" content=\"https:\/\/sefclinic.com\/en\/endodonti\/\" \/>\n<meta property=\"og:site_name\" content=\"Sef Klinik\" \/>\n<meta property=\"article:publisher\" content=\"https:\/\/www.facebook.com\/sefclinictr\" \/>\n<meta property=\"article:modified_time\" content=\"2023-01-27T11:21:28+00:00\" \/>\n<meta property=\"og:image\" content=\"https:\/\/sefclinic.com\/wp-content\/uploads\/2023\/01\/May-Dental-54-1-scaled.jpg\" \/>\n\t<meta property=\"og:image:width\" content=\"2560\" \/>\n\t<meta property=\"og:image:height\" content=\"1707\" \/>\n\t<meta property=\"og:image:type\" content=\"image\/jpeg\" \/>\n<meta name=\"twitter:card\" content=\"summary_large_image\" \/>\n<meta name=\"twitter:label1\" content=\"Est. reading time\" \/>\n\t<meta name=\"twitter:data1\" content=\"2 minutes\" \/>\n<script type=\"application\/ld+json\" class=\"yoast-schema-graph\">{\"@context\":\"https:\/\/schema.org\",\"@graph\":[{\"@type\":\"WebPage\",\"@id\":\"https:\/\/sefclinic.com\/endodonti\/\",\"url\":\"https:\/\/sefclinic.com\/endodonti\/\",\"name\":\"Sef Klinik | Endodonti\",\"isPartOf\":{\"@id\":\"https:\/\/sefclinic.com\/#website\"},\"datePublished\":\"2023-01-27T11:19:36+00:00\",\"dateModified\":\"2023-01-27T11:21:28+00:00\",\"description\":\"Sef Klinik | Endodonti\",\"breadcrumb\":{\"@id\":\"https:\/\/sefclinic.com\/endodonti\/#breadcrumb\"},\"inLanguage\":\"en-US\",\"potentialAction\":[{\"@type\":\"ReadAction\",\"target\":[\"https:\/\/sefclinic.com\/endodonti\/\"]}]},{\"@type\":\"BreadcrumbList\",\"@id\":\"https:\/\/sefclinic.com\/endodonti\/#breadcrumb\",\"itemListElement\":[{\"@type\":\"ListItem\",\"position\":1,\"name\":\"Anasayfa\",\"item\":\"https:\/\/sefclinic.com\/\"},{\"@type\":\"ListItem\",\"position\":2,\"name\":\"Endodonti\"}]},{\"@type\":\"WebSite\",\"@id\":\"https:\/\/sefclinic.com\/#website\",\"url\":\"https:\/\/sefclinic.com\/\",\"name\":\"SEF KL\u0130N\u0130K\",\"description\":\"Smile Awesome!\",\"publisher\":{\"@id\":\"https:\/\/sefclinic.com\/#organization\"},\"potentialAction\":[{\"@type\":\"SearchAction\",\"target\":{\"@type\":\"EntryPoint\",\"urlTemplate\":\"https:\/\/sefclinic.com\/?s={search_term_string}\"},\"query-input\":\"required name=search_term_string\"}],\"inLanguage\":\"en-US\"},{\"@type\":\"Organization\",\"@id\":\"https:\/\/sefclinic.com\/#organization\",\"name\":\"SEF KL\u0130N\u0130K\",\"url\":\"https:\/\/sefclinic.com\/\",\"logo\":{\"@type\":\"ImageObject\",\"inLanguage\":\"en-US\",\"@id\":\"https:\/\/sefclinic.com\/#\/schema\/logo\/image\/\",\"url\":\"https:\/\/sefclinic.com\/wp-content\/uploads\/2023\/01\/Adsiz-100-\u00d7-56-piksel-1-e1674215712983.png\",\"contentUrl\":\"https:\/\/sefclinic.com\/wp-content\/uploads\/2023\/01\/Adsiz-100-\u00d7-56-piksel-1-e1674215712983.png\",\"width\":313,\"height\":65,\"caption\":\"SEF KL\u0130N\u0130K\"},\"image\":{\"@id\":\"https:\/\/sefclinic.com\/#\/schema\/logo\/image\/\"},\"sameAs\":[\"https:\/\/www.facebook.com\/sefclinictr\",\"https:\/\/www.instagram.com\/sefklinik\",\"https:\/\/www.instagram.com\/sefclinicint\"]}]}<\/script>\n<!-- \/ Yoast SEO plugin. -->","yoast_head_json":{"title":"Sef Klinik | Endodonti","description":"Sef Klinik | Endodonti","robots":{"index":"index","follow":"follow","max-snippet":"max-snippet:-1","max-image-preview":"max-image-preview:large","max-video-preview":"max-video-preview:-1"},"canonical":"https:\/\/sefclinic.com\/en\/endodonti\/","og_locale":"en_US","og_type":"article","og_title":"Sef Klinik | Endodonti","og_description":"Sef Klinik | Endodonti","og_url":"https:\/\/sefclinic.com\/en\/endodonti\/","og_site_name":"Sef Klinik","article_publisher":"https:\/\/www.facebook.com\/sefclinictr","article_modified_time":"2023-01-27T11:21:28+00:00","og_image":[{"width":2560,"height":1707,"url":"https:\/\/sefclinic.com\/wp-content\/uploads\/2023\/01\/May-Dental-54-1-scaled.jpg","type":"image\/jpeg"}],"twitter_card":"summary_large_image","twitter_misc":{"Est. reading time":"2 minutes"},"schema":{"@context":"https:\/\/schema.org","@graph":[{"@type":"WebPage","@id":"https:\/\/sefclinic.com\/endodonti\/","url":"https:\/\/sefclinic.com\/endodonti\/","name":"Sef Klinik | Endodonti","isPartOf":{"@id":"https:\/\/sefclinic.com\/#website"},"datePublished":"2023-01-27T11:19:36+00:00","dateModified":"2023-01-27T11:21:28+00:00","description":"Sef Klinik | Endodonti","breadcrumb":{"@id":"https:\/\/sefclinic.com\/endodonti\/#breadcrumb"},"inLanguage":"en-US","potentialAction":[{"@type":"ReadAction","target":["https:\/\/sefclinic.com\/endodonti\/"]}]},{"@type":"BreadcrumbList","@id":"https:\/\/sefclinic.com\/endodonti\/#breadcrumb","itemListElement":[{"@type":"ListItem","position":1,"name":"Anasayfa","item":"https:\/\/sefclinic.com\/"},{"@type":"ListItem","position":2,"name":"Endodonti"}]},{"@type":"WebSite","@id":"https:\/\/sefclinic.com\/#website","url":"https:\/\/sefclinic.com\/","name":"SEF KL\u0130N\u0130K","description":"Smile Awesome!","publisher":{"@id":"https:\/\/sefclinic.com\/#organization"},"potentialAction":[{"@type":"SearchAction","target":{"@type":"EntryPoint","urlTemplate":"https:\/\/sefclinic.com\/?s={search_term_string}"},"query-input":"required name=search_term_string"}],"inLanguage":"en-US"},{"@type":"Organization","@id":"https:\/\/sefclinic.com\/#organization","name":"SEF KL\u0130N\u0130K","url":"https:\/\/sefclinic.com\/","logo":{"@type":"ImageObject","inLanguage":"en-US","@id":"https:\/\/sefclinic.com\/#\/schema\/logo\/image\/","url":"https:\/\/sefclinic.com\/wp-content\/uploads\/2023\/01\/Adsiz-100-\u00d7-56-piksel-1-e1674215712983.png","contentUrl":"https:\/\/sefclinic.com\/wp-content\/uploads\/2023\/01\/Adsiz-100-\u00d7-56-piksel-1-e1674215712983.png","width":313,"height":65,"caption":"SEF KL\u0130N\u0130K"},"image":{"@id":"https:\/\/sefclinic.com\/#\/schema\/logo\/image\/"},"sameAs":["https:\/\/www.facebook.com\/sefclinictr","https:\/\/www.instagram.com\/sefklinik","https:\/\/www.instagram.com\/sefclinicint"]}]}},"_links":{"self":[{"href":"https:\/\/sefclinic.com\/en\/wp-json\/wp\/v2\/pages\/121","targetHints":{"allow":["GET"]}}],"collection":[{"href":"https:\/\/sefclinic.com\/en\/wp-json\/wp\/v2\/pages"}],"about":[{"href":"https:\/\/sefclinic.com\/en\/wp-json\/wp\/v2\/types\/page"}],"author":[{"embeddable":true,"href":"https:\/\/sefclinic.com\/en\/wp-json\/wp\/v2\/users\/1"}],"replies":[{"embeddable":true,"href":"https:\/\/sefclinic.com\/en\/wp-json\/wp\/v2\/comments?post=121"}],"version-history":[{"count":2,"href":"https:\/\/sefclinic.com\/en\/wp-json\/wp\/v2\/pages\/121\/revisions"}],"predecessor-version":[{"id":123,"href":"https:\/\/sefclinic.com\/en\/wp-json\/wp\/v2\/pages\/121\/revisions\/123"}],"wp:attachment":[{"href":"https:\/\/sefclinic.com\/en\/wp-json\/wp\/v2\/media?parent=121"}],"curies":[{"name":"wp","href":"https:\/\/api.w.org\/{rel}","templated":true}]}}