{"id":118,"date":"2023-01-27T11:18:01","date_gmt":"2023-01-27T11:18:01","guid":{"rendered":"https:\/\/sefclinic.com\/dental-radyoloji-kopya\/"},"modified":"2023-01-27T11:19:30","modified_gmt":"2023-01-27T11:19:30","slug":"tme","status":"publish","type":"page","link":"https:\/\/sefclinic.com\/en\/tme\/","title":{"rendered":"TME"},"content":{"rendered":"<div class=\"page\" title=\"Page 16\">\n<div class=\"section\">\n<div class=\"layoutArea\">\n<div class=\"column\">\n<div class=\"page\" title=\"Page 17\">\n<div class=\"section\">\n<div class=\"layoutArea\">\n<div class=\"column\">\n<p><strong>SEF Klinik TME\u00a0 Klinig\u0306inde Hangi Tedaviler Uygulan\u0131r?<\/strong><\/p>\n<p>Her Tu\u0308rlu\u0308 Temporomandibular Eklem Rahats\u0131zl\u0131klar\u0131n\u0131n Giderildig\u0306i Kliniktir. Temporomandibular Eklem, Halk Aras\u0131nda C\u0327ene Eklemi Olarak Bilinir. TME Klinig\u0306i, C\u0327ene Eklemi ve C\u0327evre Dokular\u0131n\u0131 Kapsayan Her Tu\u0308rlu\u0308 Rahats\u0131zl\u0131g\u0306\u0131n Tedavisini Bu\u0308nyesinde Bar\u0131nd\u0131ran O\u0308zel Bir Dis\u0327 Hekimlig\u0306i Uzmanl\u0131k Alan\u0131d\u0131r.<\/p>\n<p>TME klinig\u0306inde ag\u0306\u0131z ac\u0327mada k\u0131s\u0131tl\u0131l\u0131k, c\u0327ig\u0306neme ve konus\u0327ma esnas\u0131nda eklemlerde duyulan sesler s\u0327ikayetleri ile gelen hastalara o\u0308zel as\u0327ag\u0306\u0131daki tedavi hizmetleri ve fazlas\u0131 sunulmaktad\u0131r:<\/p>\n<\/div>\n<\/div>\n<\/div>\n<div class=\"section\">\n<div class=\"layoutArea\">\n<div class=\"column\">\n<ul>\n<li>T.M.E. Splint ve Rutin Kontroller<\/li>\n<li>TME Fonksiyon Testi<\/li>\n<li>T.M.E. Muayene (Ro\u0308ntgen dahil)<\/li>\n<li>T.M.E Mekonoterapi<\/li>\n<li>T.M.E ic\u0327i enjeksiyon<\/li>\n<li>T.M.E. Artrosentez<\/li>\n<li>T.M.E. Ac\u0327\u0131k eklem<\/li>\n<li>T.M.E. Genioplasti<\/li>\n<\/ul>\n<\/div>\n<\/div>\n<\/div>\n<\/div>\n<div class=\"page\" title=\"Page 18\">\n<div class=\"section\">\n<div class=\"layoutArea\">\n<div class=\"column\">\n<p><strong>1. TME Tedavisi ne kadar su\u0308rer?<\/strong><\/p>\n<\/div>\n<\/div>\n<\/div>\n<div class=\"section\">\n<div class=\"layoutArea\">\n<div class=\"column\">\n<p>Hastan\u0131n TME bo\u0308lgesinin hasar\u0131n\u0131n bu\u0308yu\u0308klu\u0308g\u0306u\u0308ne ve hastal\u0131k etkenine go\u0308re tedavi su\u0308resi bireysel farkl\u0131l\u0131klar go\u0308sterebilir. Tedavi , birkac\u0327 ay su\u0308rebileceg\u0306i gibi uzun y\u0131llar takip, kontrol ve iyiles\u0327meyi ic\u0327eren periyotlar\u0131 da kapsayabilir.<\/p>\n<\/div>\n<\/div>\n<\/div>\n<div class=\"section\">\n<div class=\"layoutArea\">\n<div class=\"column\">\n<p><strong>2. C\u0327enemi hareket ettig\u0306imde neden ses c\u0327\u0131k\u0131yor?<\/strong><\/p>\n<\/div>\n<\/div>\n<\/div>\n<div class=\"section\">\n<div class=\"layoutArea\">\n<div class=\"column\">\n<p>C\u0327ene eklemindeki hasar etkenine bag\u0306l\u0131 olarak ki genellikle travma kaynakl\u0131d\u0131r, TME du\u0308zeni bozulur ve bo\u0308lgedeki uyumu sag\u0306layan disk yerinden oynayarak c\u0327ene hareketlerinde ses c\u0327\u0131kar\u0131r.<\/p>\n<\/div>\n<\/div>\n<\/div>\n<div class=\"section\">\n<div class=\"layoutArea\">\n<div class=\"column\">\n<p><strong>3. Dis\u0327 g\u0131c\u0131rdatma c\u0327ene hastal\u0131klar\u0131na sebep midir?<\/strong><\/p>\n<\/div>\n<\/div>\n<\/div>\n<div class=\"section\">\n<div class=\"layoutArea\">\n<div class=\"column\">\n<p>Dis\u0327 g\u0131c\u0131rdatma ve s\u0131kma genellikle geceleri uyurken bilinc\u0327 d\u0131s\u0327\u0131 yap\u0131lan bir al\u0131s\u0327kanl\u0131kt\u0131r. Mevcut c\u0327ene ve eklem hastal\u0131g\u0306\u0131n\u0131 bas\u0327latabileceg\u0306i gibi ayn\u0131 zamanda hastal\u0131g\u0306\u0131 h\u0131zland\u0131rabilir. Bu gibi al\u0131s\u0327kanl\u0131klar tespit edildikten sonra eklem ve kas rahats\u0131zl\u0131klar\u0131 ilerlemeden o\u0308nlem al\u0131nmas\u0131 gerekir.<\/p>\n<\/div>\n<\/div>\n<\/div>\n<div class=\"section\">\n<div class=\"layoutArea\">\n<div class=\"column\">\n<p><strong>4. C\u0327ene Eklemi rahats\u0131zl\u0131g\u0306\u0131nda hangi tedaviler uygulanabilir ve nerden bas\u0327lamam gerekmektedir?<\/strong><\/p>\n<\/div>\n<\/div>\n<\/div>\n<div class=\"section\">\n<div class=\"layoutArea\">\n<div class=\"column\">\n<p>C\u0327ene eklem rahats\u0131zl\u0131klar\u0131nda, ag\u0306\u0131z,c\u0327ene,bas\u0327,boyun ve eklem alan\u0131nda uzmanlas\u0327m\u0131s\u0327 hekimlerin muayenesi gerekir. Eklem, ag\u0306\u0131z ac\u0327\u0131kl\u0131g\u0306\u0131 ve detayl\u0131 kas muayeneleri yap\u0131larak rahats\u0131zl\u0131g\u0306\u0131n sebebi ve tan\u0131s\u0131 konur. Bazen de eklemi ve c\u0327evredeki dokular\u0131 da incelemek ic\u0327in tomografi ve MR gerekebilir.<\/p>\n<\/div>\n<\/div>\n<\/div>\n<div class=\"section\">\n<div class=\"layoutArea\">\n<div class=\"column\">\n<p><strong>5. Dis\u0327lerimin dis\u0327etine yak\u0131n k\u0131s\u0131mlar\u0131nda c\u0327ukurlar go\u0308ru\u0308nu\u0308yor, beni estetik ac\u0327\u0131dan rahats\u0131z ediyor. Ne yapmal\u0131y\u0131m?<\/strong><\/p>\n<\/div>\n<\/div>\n<\/div>\n<div class=\"section\">\n<div class=\"layoutArea\">\n<div class=\"column\">\n<p>Bu tarz abrazyon dedig\u0306imiz olus\u0327umlar\u0131n iki tu\u0308rlu\u0308 sebebi vard\u0131r. Ya sert ve yanl\u0131s\u0327 dis\u0327 f\u0131rc\u0327alama yap\u0131l\u0131yordur ya da geceleri yap\u0131lan dis\u0327 s\u0131kma ve g\u0131c\u0131rdatma al\u0131s\u0327kanl\u0131g\u0306\u0131d\u0131r. Sert f\u0131rc\u0327ay\u0131 b\u0131rak\u0131p yumus\u0327ak f\u0131rc\u0327aya gec\u0327ilmelidir. Dis\u0327 g\u0131c\u0131rdatma al\u0131s\u0327kanl\u0131g\u0306\u0131 ic\u0327in ise genelde hekimler rutin kontrollerde hastan\u0131n fark\u0131na vard\u0131r\u0131r. Sebebi ise hasta taraf\u0131ndan c\u0327og\u0306unlukla bu al\u0131s\u0327kanl\u0131g\u0306\u0131n gece derin uykuda oldug\u0306u ic\u0327in farkedilmemesidir. Tedavisi ise masseter kas bo\u0308lgesine yap\u0131lan botulinum toksin uygulamas\u0131 ile hekim taraf\u0131ndan hastaya o\u0308zel olarak yap\u0131lan sert gece plaklar\u0131d\u0131r. Dis\u0327lerin dis\u0327eti k\u0131s\u0131mlar\u0131na yak\u0131n c\u0327ukurlar ise estetik dolgularla restore edilebilir.<\/p>\n<\/div>\n<\/div>\n<\/div>\n<\/div>\n<\/div>\n<\/div>\n<\/div>\n<\/div>","protected":false},"excerpt":{"rendered":"<p>SEF Klinik TME\u00a0 Klinig\u0306inde Hangi Tedaviler Uygulan\u0131r? Her Tu\u0308rlu\u0308 Temporomandibular Eklem Rahats\u0131zl\u0131klar\u0131n\u0131n Giderildig\u0306i Kliniktir. Temporomandibular Eklem, Halk Aras\u0131nda C\u0327ene Eklemi Olarak Bilinir. TME Klinig\u0306i, C\u0327ene Eklemi ve C\u0327evre Dokular\u0131n\u0131 Kapsayan Her Tu\u0308rlu\u0308 Rahats\u0131zl\u0131g\u0306\u0131n Tedavisini Bu\u0308nyesinde Bar\u0131nd\u0131ran O\u0308zel Bir Dis\u0327 Hekimlig\u0306i Uzmanl\u0131k Alan\u0131d\u0131r. TME klinig\u0306inde ag\u0306\u0131z ac\u0327mada k\u0131s\u0131tl\u0131l\u0131k, c\u0327ig\u0306neme ve konus\u0327ma esnas\u0131nda eklemlerde duyulan sesler s\u0327ikayetleri ile gelen hastalara o\u0308zel as\u0327ag\u0306\u0131daki tedavi hizmetleri ve fazlas\u0131 sunulmaktad\u0131r: T.M.E. Splint ve Rutin Kontroller TME Fonksiyon Testi T.M.E. Muayene (Ro\u0308ntgen dahil) T.M.E Mekonoterapi T.M.E ic\u0327i enjeksiyon T.M.E. Artrosentez T.M.E. Ac\u0327\u0131k eklem T.M.E. Genioplasti 1. TME Tedavisi ne kadar su\u0308rer? Hastan\u0131n TME bo\u0308lgesinin hasar\u0131n\u0131n bu\u0308yu\u0308klu\u0308g\u0306u\u0308ne<\/p>","protected":false},"author":1,"featured_media":0,"parent":0,"menu_order":0,"comment_status":"closed","ping_status":"closed","template":"","meta":{"footnotes":""},"class_list":["post-118","page","type-page","status-publish","hentry"],"yoast_head":"<!-- This site is optimized with the Yoast SEO plugin v21.5 - https:\/\/yoast.com\/wordpress\/plugins\/seo\/ -->\n<title>Sef Klinik | TME<\/title>\n<meta name=\"description\" content=\"Sef Klinik | TME\" \/>\n<meta name=\"robots\" content=\"index, follow, max-snippet:-1, max-image-preview:large, max-video-preview:-1\" \/>\n<link rel=\"canonical\" href=\"https:\/\/sefclinic.com\/en\/tme\/\" \/>\n<meta property=\"og:locale\" content=\"en_US\" \/>\n<meta property=\"og:type\" content=\"article\" \/>\n<meta property=\"og:title\" content=\"Sef Klinik | TME\" \/>\n<meta property=\"og:description\" content=\"Sef Klinik | TME\" \/>\n<meta property=\"og:url\" content=\"https:\/\/sefclinic.com\/en\/tme\/\" \/>\n<meta property=\"og:site_name\" content=\"Sef Klinik\" \/>\n<meta property=\"article:publisher\" content=\"https:\/\/www.facebook.com\/sefclinictr\" \/>\n<meta property=\"article:modified_time\" content=\"2023-01-27T11:19:30+00:00\" \/>\n<meta property=\"og:image\" content=\"https:\/\/sefclinic.com\/wp-content\/uploads\/2023\/01\/May-Dental-54-1-scaled.jpg\" \/>\n\t<meta property=\"og:image:width\" content=\"2560\" \/>\n\t<meta property=\"og:image:height\" content=\"1707\" \/>\n\t<meta property=\"og:image:type\" content=\"image\/jpeg\" \/>\n<meta name=\"twitter:card\" content=\"summary_large_image\" \/>\n<meta name=\"twitter:label1\" content=\"Est. reading time\" \/>\n\t<meta name=\"twitter:data1\" content=\"3 minutes\" \/>\n<script type=\"application\/ld+json\" class=\"yoast-schema-graph\">{\"@context\":\"https:\/\/schema.org\",\"@graph\":[{\"@type\":\"WebPage\",\"@id\":\"https:\/\/sefclinic.com\/tme\/\",\"url\":\"https:\/\/sefclinic.com\/tme\/\",\"name\":\"Sef Klinik | TME\",\"isPartOf\":{\"@id\":\"https:\/\/sefclinic.com\/#website\"},\"datePublished\":\"2023-01-27T11:18:01+00:00\",\"dateModified\":\"2023-01-27T11:19:30+00:00\",\"description\":\"Sef Klinik | TME\",\"breadcrumb\":{\"@id\":\"https:\/\/sefclinic.com\/tme\/#breadcrumb\"},\"inLanguage\":\"en-US\",\"potentialAction\":[{\"@type\":\"ReadAction\",\"target\":[\"https:\/\/sefclinic.com\/tme\/\"]}]},{\"@type\":\"BreadcrumbList\",\"@id\":\"https:\/\/sefclinic.com\/tme\/#breadcrumb\",\"itemListElement\":[{\"@type\":\"ListItem\",\"position\":1,\"name\":\"Anasayfa\",\"item\":\"https:\/\/sefclinic.com\/\"},{\"@type\":\"ListItem\",\"position\":2,\"name\":\"TME\"}]},{\"@type\":\"WebSite\",\"@id\":\"https:\/\/sefclinic.com\/#website\",\"url\":\"https:\/\/sefclinic.com\/\",\"name\":\"SEF KL\u0130N\u0130K\",\"description\":\"Smile Awesome!\",\"publisher\":{\"@id\":\"https:\/\/sefclinic.com\/#organization\"},\"potentialAction\":[{\"@type\":\"SearchAction\",\"target\":{\"@type\":\"EntryPoint\",\"urlTemplate\":\"https:\/\/sefclinic.com\/?s={search_term_string}\"},\"query-input\":\"required name=search_term_string\"}],\"inLanguage\":\"en-US\"},{\"@type\":\"Organization\",\"@id\":\"https:\/\/sefclinic.com\/#organization\",\"name\":\"SEF KL\u0130N\u0130K\",\"url\":\"https:\/\/sefclinic.com\/\",\"logo\":{\"@type\":\"ImageObject\",\"inLanguage\":\"en-US\",\"@id\":\"https:\/\/sefclinic.com\/#\/schema\/logo\/image\/\",\"url\":\"https:\/\/sefclinic.com\/wp-content\/uploads\/2023\/01\/Adsiz-100-\u00d7-56-piksel-1-e1674215712983.png\",\"contentUrl\":\"https:\/\/sefclinic.com\/wp-content\/uploads\/2023\/01\/Adsiz-100-\u00d7-56-piksel-1-e1674215712983.png\",\"width\":313,\"height\":65,\"caption\":\"SEF KL\u0130N\u0130K\"},\"image\":{\"@id\":\"https:\/\/sefclinic.com\/#\/schema\/logo\/image\/\"},\"sameAs\":[\"https:\/\/www.facebook.com\/sefclinictr\",\"https:\/\/www.instagram.com\/sefklinik\",\"https:\/\/www.instagram.com\/sefclinicint\"]}]}<\/script>\n<!-- \/ Yoast SEO plugin. -->","yoast_head_json":{"title":"Sef Klinik | TME","description":"Sef Klinik | TME","robots":{"index":"index","follow":"follow","max-snippet":"max-snippet:-1","max-image-preview":"max-image-preview:large","max-video-preview":"max-video-preview:-1"},"canonical":"https:\/\/sefclinic.com\/en\/tme\/","og_locale":"en_US","og_type":"article","og_title":"Sef Klinik | TME","og_description":"Sef Klinik | TME","og_url":"https:\/\/sefclinic.com\/en\/tme\/","og_site_name":"Sef Klinik","article_publisher":"https:\/\/www.facebook.com\/sefclinictr","article_modified_time":"2023-01-27T11:19:30+00:00","og_image":[{"width":2560,"height":1707,"url":"https:\/\/sefclinic.com\/wp-content\/uploads\/2023\/01\/May-Dental-54-1-scaled.jpg","type":"image\/jpeg"}],"twitter_card":"summary_large_image","twitter_misc":{"Est. reading time":"3 minutes"},"schema":{"@context":"https:\/\/schema.org","@graph":[{"@type":"WebPage","@id":"https:\/\/sefclinic.com\/tme\/","url":"https:\/\/sefclinic.com\/tme\/","name":"Sef Klinik | TME","isPartOf":{"@id":"https:\/\/sefclinic.com\/#website"},"datePublished":"2023-01-27T11:18:01+00:00","dateModified":"2023-01-27T11:19:30+00:00","description":"Sef Klinik | TME","breadcrumb":{"@id":"https:\/\/sefclinic.com\/tme\/#breadcrumb"},"inLanguage":"en-US","potentialAction":[{"@type":"ReadAction","target":["https:\/\/sefclinic.com\/tme\/"]}]},{"@type":"BreadcrumbList","@id":"https:\/\/sefclinic.com\/tme\/#breadcrumb","itemListElement":[{"@type":"ListItem","position":1,"name":"Anasayfa","item":"https:\/\/sefclinic.com\/"},{"@type":"ListItem","position":2,"name":"TME"}]},{"@type":"WebSite","@id":"https:\/\/sefclinic.com\/#website","url":"https:\/\/sefclinic.com\/","name":"SEF KL\u0130N\u0130K","description":"Smile Awesome!","publisher":{"@id":"https:\/\/sefclinic.com\/#organization"},"potentialAction":[{"@type":"SearchAction","target":{"@type":"EntryPoint","urlTemplate":"https:\/\/sefclinic.com\/?s={search_term_string}"},"query-input":"required name=search_term_string"}],"inLanguage":"en-US"},{"@type":"Organization","@id":"https:\/\/sefclinic.com\/#organization","name":"SEF KL\u0130N\u0130K","url":"https:\/\/sefclinic.com\/","logo":{"@type":"ImageObject","inLanguage":"en-US","@id":"https:\/\/sefclinic.com\/#\/schema\/logo\/image\/","url":"https:\/\/sefclinic.com\/wp-content\/uploads\/2023\/01\/Adsiz-100-\u00d7-56-piksel-1-e1674215712983.png","contentUrl":"https:\/\/sefclinic.com\/wp-content\/uploads\/2023\/01\/Adsiz-100-\u00d7-56-piksel-1-e1674215712983.png","width":313,"height":65,"caption":"SEF KL\u0130N\u0130K"},"image":{"@id":"https:\/\/sefclinic.com\/#\/schema\/logo\/image\/"},"sameAs":["https:\/\/www.facebook.com\/sefclinictr","https:\/\/www.instagram.com\/sefklinik","https:\/\/www.instagram.com\/sefclinicint"]}]}},"_links":{"self":[{"href":"https:\/\/sefclinic.com\/en\/wp-json\/wp\/v2\/pages\/118","targetHints":{"allow":["GET"]}}],"collection":[{"href":"https:\/\/sefclinic.com\/en\/wp-json\/wp\/v2\/pages"}],"about":[{"href":"https:\/\/sefclinic.com\/en\/wp-json\/wp\/v2\/types\/page"}],"author":[{"embeddable":true,"href":"https:\/\/sefclinic.com\/en\/wp-json\/wp\/v2\/users\/1"}],"replies":[{"embeddable":true,"href":"https:\/\/sefclinic.com\/en\/wp-json\/wp\/v2\/comments?post=118"}],"version-history":[{"count":2,"href":"https:\/\/sefclinic.com\/en\/wp-json\/wp\/v2\/pages\/118\/revisions"}],"predecessor-version":[{"id":120,"href":"https:\/\/sefclinic.com\/en\/wp-json\/wp\/v2\/pages\/118\/revisions\/120"}],"wp:attachment":[{"href":"https:\/\/sefclinic.com\/en\/wp-json\/wp\/v2\/media?parent=118"}],"curies":[{"name":"wp","href":"https:\/\/api.w.org\/{rel}","templated":true}]}}