{"id":116,"date":"2023-01-27T11:16:55","date_gmt":"2023-01-27T11:16:55","guid":{"rendered":"https:\/\/sefclinic.com\/konservatif-kopya\/"},"modified":"2023-11-24T15:07:02","modified_gmt":"2023-11-24T15:07:02","slug":"dental-radyoloji","status":"publish","type":"page","link":"https:\/\/sefclinic.com\/en\/dental-radyoloji\/","title":{"rendered":"Dental Radiology"},"content":{"rendered":"<div class=\"page\" title=\"Page 16\">\n<div class=\"section\">\n<div class=\"layoutArea\">\n<div class=\"column\">\n<p><strong>SEF Klinik Dental Radyoloji Klinig\u0306inde Neler Yap\u0131lmaktad\u0131r?<\/strong><\/p>\n<p>SEF Klinik Gelen Hastalar\u0131n I\u0307lk Muayene, Tes\u0327his Ve Tedavi Planlamalar\u0131n\u0131n Gerc\u0327ekles\u0327tirilebilmesi ic\u0327in Radyolojik Desteg\u0306in Al\u0131nd\u0131g\u0306\u0131 Kliniktir.<br \/>\nRadyoloji Klinig\u0306inde, Ag\u0306\u0131z ic\u0327i ve C\u0327evre Dokular\u0131n detayl\u0131 go\u0308ru\u0308ntu\u0308leri al\u0131narak tes\u0327his ve tedavi planlamalar\u0131n\u0131n kesinlig\u0306inin sag\u0306lanmas\u0131na yard\u0131mc\u0131 olunur.<\/p>\n<p><strong>SEF Klinik Radyoloji Klinig\u0306inde As\u0327ag\u0306\u0131daki Hizmetler Ve Fazlas\u0131 Verilmektedir:<\/strong><\/p>\n<\/div>\n<\/div>\n<\/div>\n<div class=\"section\">\n<div class=\"layoutArea\">\n<div class=\"column\">\n<ul>\n<li>Dis\u0327 Ro\u0308ntgen Filmi<\/li>\n<li>Panoramik Film<\/li>\n<li>Okluzal Film<\/li>\n<li>Dijital Radyografi<\/li>\n<li>Sefalometrik Film<\/li>\n<li>TME Filmi ve Tetkiki<\/li>\n<li>3D (Dental Tomografi)<\/li>\n<\/ul>\n<\/div>\n<\/div>\n<\/div>\n<div class=\"section\">\n<div class=\"layoutArea\">\n<div class=\"column\">\n<p><strong>1. Radyografiler dis\u0327 tedavisinde hangi amac\u0327 ic\u0327in kullan\u0131l\u0131yor?<\/strong><\/p>\n<ul>\n<li>Dis\u0327 c\u0327u\u0308ru\u0308k,k\u0131r\u0131k ve c\u0327atlaklar\u0131n\u0131n tespitinde<\/li>\n<li>Implant, kanal tedavilerin o\u0308ncesinde ve tedavi sonras\u0131nda<\/li>\n<li>Kemik hasar\u0131 tespitlemek ic\u0327in<\/li>\n<li>Kist ve tu\u0308mo\u0308r s\u0327u\u0308phesinde<\/li>\n<li>C\u0327ene k\u0131r\u0131g\u0306\u0131 tespitinde<\/li>\n<\/ul>\n<\/div>\n<\/div>\n<\/div>\n<div class=\"section\">\n<div class=\"layoutArea\">\n<div class=\"column\">\n<p><strong>2. Ro\u0308ntgenlerin radyasyonu yu\u0308ksek midir?<\/strong><\/p>\n<\/div>\n<\/div>\n<\/div>\n<div class=\"section\">\n<div class=\"layoutArea\">\n<div class=\"column\">\n<p>Teknolojinin de ilerlemesiyle birlikte o\u0308zellikle dis\u0327 alan\u0131nda kullan\u0131lan ro\u0308ntgen cihazlar\u0131n\u0131n radyasyon seviyesinin c\u0327ok azalt\u0131lmas\u0131n\u0131n yan\u0131 s\u0131ra bu alanda kulland\u0131g\u0306\u0131m\u0131z hastaya tak\u0131lan koruyucu kurs\u0327un o\u0308nlu\u0308klerle de maruz kal\u0131nan radyasyon seviyesi en minimuma indirgenmis\u0327tir.<\/p>\n<\/div>\n<\/div>\n<\/div>\n<div class=\"section\">\n<div class=\"layoutArea\">\n<div class=\"column\">\n<p><strong>3. Panaromik ro\u0308ntgen ne zaman c\u0327ekilir?<\/strong><\/p>\n<\/div>\n<\/div>\n<\/div>\n<div class=\"section\">\n<div class=\"layoutArea\">\n<div class=\"column\">\n<p>Panaromik filmler dis\u0327 c\u0327u\u0308ru\u0308klerinin, c\u0327enelerdeki kist-tu\u0308mo\u0308rlerin, kemik erimelerinin, dis\u0327lerin ko\u0308k ucu iltihablar\u0131n\u0131n, c\u0327ene k\u0131r\u0131klar\u0131n\u0131n tespiti ic\u0327in gereklidir.<\/p>\n<\/div>\n<\/div>\n<\/div>\n<\/div>\n<div class=\"page\" title=\"Page 17\">\n<div class=\"section\">\n<div class=\"layoutArea\">\n<div class=\"column\">\n<p><strong>4. Panoramik c\u0327ene filmi nas\u0131l c\u0327ekilir?<\/strong><\/p>\n<\/div>\n<\/div>\n<\/div>\n<div class=\"section\">\n<div class=\"layoutArea\">\n<div class=\"column\">\n<p>Hastan\u0131n bas\u0327, boyun bo\u0308lgesindeki veya yak\u0131n\u0131ndaki tu\u0308m metal aksesuarlar ve c\u0327\u0131kar\u0131labilir protezler uzaklas\u0327t\u0131r\u0131ld\u0131ktan sonra hastaya kurs\u0327undan koruyucu bir o\u0308nlu\u0308k giydirilir. Ro\u0308ntgen makinesi sabit duran hastan\u0131n etraf\u0131nda bir dakikadan k\u0131sa bir su\u0308re do\u0308ner ve is\u0327lem tamamlanm\u0131s\u0327 olur.<\/p>\n<\/div>\n<\/div>\n<\/div>\n<div class=\"section\">\n<div class=\"layoutArea\">\n<div class=\"column\">\n<p><strong>5. Dental Tomografi nedir?<\/strong><\/p>\n<\/div>\n<\/div>\n<\/div>\n<div class=\"section\">\n<div class=\"layoutArea\">\n<div class=\"column\">\n<p>Dental tomografiler ro\u0308ntgenlere go\u0308re daha detayl\u0131 ve dog\u0306ru bilgi elde edilmesini sag\u0306layan u\u0308c\u0327 boyutlu go\u0308ru\u0308ntu\u0308 verir. Dis\u0327 ve kemik dokular\u0131 daha detayl\u0131 analiz edilebilir, tedavilerde yan\u0131lma ve hata pay\u0131 en aza indirgenebilir.<\/p>\n<\/div>\n<\/div>\n<\/div>\n<div class=\"section\">\n<div class=\"layoutArea\">\n<div class=\"column\">\n<p><strong>6. Dental I\u0307mplant tedavisinden o\u0308nce tomografi c\u0327ekilmeli midir?<\/strong><\/p>\n<\/div>\n<\/div>\n<\/div>\n<div class=\"section\">\n<div class=\"layoutArea\">\n<div class=\"column\">\n<p>Panaromik ro\u0308ntgenden sonra, eg\u0306er yeterli deg\u0306ilse dis\u0327 ve kemik yap\u0131s\u0131n\u0131n daha derayl\u0131 incelenmesi gereken hastalarda c\u0327ekilebilir.<\/p>\n<\/div>\n<\/div>\n<\/div>\n<div class=\"section\">\n<div class=\"layoutArea\">\n<div class=\"column\">\n<p><strong>7. Hamileler c\u0327ene filmi c\u0327ektirilebilir mi?<\/strong><\/p>\n<\/div>\n<\/div>\n<\/div>\n<div class=\"section\">\n<div class=\"layoutArea\">\n<div class=\"column\">\n<p>Herhangi bir ro\u0308ntgen c\u0327ekimi c\u0327ok acil ve gerekli bir durum olmad\u0131kc\u0327a o\u0308nerilmez.<\/p>\n<\/div>\n<\/div>\n<\/div>\n<\/div>","protected":false},"excerpt":{"rendered":"<p>SEF Klinik Dental Radyoloji Klinig\u0306inde Neler Yap\u0131lmaktad\u0131r? SEF Klinik Gelen Hastalar\u0131n I\u0307lk Muayene, Tes\u0327his Ve Tedavi Planlamalar\u0131n\u0131n Gerc\u0327ekles\u0327tirilebilmesi ic\u0327in Radyolojik Desteg\u0306in Al\u0131nd\u0131g\u0306\u0131 Kliniktir. Radyoloji Klinig\u0306inde, Ag\u0306\u0131z ic\u0327i ve C\u0327evre Dokular\u0131n detayl\u0131 go\u0308ru\u0308ntu\u0308leri al\u0131narak tes\u0327his ve tedavi planlamalar\u0131n\u0131n kesinlig\u0306inin sag\u0306lanmas\u0131na yard\u0131mc\u0131 olunur. SEF Klinik Radyoloji Klinig\u0306inde As\u0327ag\u0306\u0131daki Hizmetler Ve Fazlas\u0131 Verilmektedir: Dis\u0327 Ro\u0308ntgen Filmi Panoramik Film Okluzal Film Dijital Radyografi Sefalometrik Film TME Filmi ve Tetkiki 3D (Dental Tomografi) 1. Radyografiler dis\u0327 tedavisinde hangi amac\u0327 ic\u0327in kullan\u0131l\u0131yor? Dis\u0327 c\u0327u\u0308ru\u0308k,k\u0131r\u0131k ve c\u0327atlaklar\u0131n\u0131n tespitinde Implant, kanal tedavilerin o\u0308ncesinde ve tedavi sonras\u0131nda Kemik hasar\u0131 tespitlemek ic\u0327in Kist ve tu\u0308mo\u0308r s\u0327u\u0308phesinde C\u0327ene k\u0131r\u0131g\u0306\u0131 tespitinde 2.<\/p>","protected":false},"author":1,"featured_media":0,"parent":0,"menu_order":0,"comment_status":"closed","ping_status":"closed","template":"","meta":{"footnotes":""},"class_list":["post-116","page","type-page","status-publish","hentry"],"yoast_head":"<!-- This site is optimized with the Yoast SEO plugin v21.5 - https:\/\/yoast.com\/wordpress\/plugins\/seo\/ -->\n<title>Sef Klinik | Dental Radyoloji<\/title>\n<meta name=\"description\" content=\"Sef Klinik | Dental Radyoloji\" \/>\n<meta name=\"robots\" content=\"index, follow, max-snippet:-1, max-image-preview:large, max-video-preview:-1\" \/>\n<link rel=\"canonical\" href=\"https:\/\/sefclinic.com\/en\/dental-radyoloji\/\" \/>\n<meta property=\"og:locale\" content=\"en_US\" \/>\n<meta property=\"og:type\" content=\"article\" \/>\n<meta property=\"og:title\" content=\"Sef Klinik | Dental Radyoloji\" \/>\n<meta property=\"og:description\" content=\"Sef Klinik | Dental Radyoloji\" \/>\n<meta property=\"og:url\" content=\"https:\/\/sefclinic.com\/en\/dental-radyoloji\/\" \/>\n<meta property=\"og:site_name\" content=\"Sef Klinik\" \/>\n<meta property=\"article:publisher\" content=\"https:\/\/www.facebook.com\/sefclinictr\" \/>\n<meta property=\"article:modified_time\" content=\"2023-11-24T15:07:02+00:00\" \/>\n<meta property=\"og:image\" content=\"https:\/\/sefclinic.com\/wp-content\/uploads\/2023\/01\/May-Dental-54-1-scaled.jpg\" \/>\n\t<meta property=\"og:image:width\" content=\"2560\" \/>\n\t<meta property=\"og:image:height\" content=\"1707\" \/>\n\t<meta property=\"og:image:type\" content=\"image\/jpeg\" \/>\n<meta name=\"twitter:card\" content=\"summary_large_image\" \/>\n<meta name=\"twitter:label1\" content=\"Est. reading time\" \/>\n\t<meta name=\"twitter:data1\" content=\"2 minutes\" \/>\n<script type=\"application\/ld+json\" class=\"yoast-schema-graph\">{\"@context\":\"https:\/\/schema.org\",\"@graph\":[{\"@type\":\"WebPage\",\"@id\":\"https:\/\/sefclinic.com\/dental-radyoloji\/\",\"url\":\"https:\/\/sefclinic.com\/dental-radyoloji\/\",\"name\":\"Sef Klinik | Dental Radyoloji\",\"isPartOf\":{\"@id\":\"https:\/\/sefclinic.com\/#website\"},\"datePublished\":\"2023-01-27T11:16:55+00:00\",\"dateModified\":\"2023-11-24T15:07:02+00:00\",\"description\":\"Sef Klinik | Dental Radyoloji\",\"breadcrumb\":{\"@id\":\"https:\/\/sefclinic.com\/dental-radyoloji\/#breadcrumb\"},\"inLanguage\":\"en-US\",\"potentialAction\":[{\"@type\":\"ReadAction\",\"target\":[\"https:\/\/sefclinic.com\/dental-radyoloji\/\"]}]},{\"@type\":\"BreadcrumbList\",\"@id\":\"https:\/\/sefclinic.com\/dental-radyoloji\/#breadcrumb\",\"itemListElement\":[{\"@type\":\"ListItem\",\"position\":1,\"name\":\"Anasayfa\",\"item\":\"https:\/\/sefclinic.com\/\"},{\"@type\":\"ListItem\",\"position\":2,\"name\":\"Dental Radyoloji\"}]},{\"@type\":\"WebSite\",\"@id\":\"https:\/\/sefclinic.com\/#website\",\"url\":\"https:\/\/sefclinic.com\/\",\"name\":\"SEF KL\u0130N\u0130K\",\"description\":\"Smile Awesome!\",\"publisher\":{\"@id\":\"https:\/\/sefclinic.com\/#organization\"},\"potentialAction\":[{\"@type\":\"SearchAction\",\"target\":{\"@type\":\"EntryPoint\",\"urlTemplate\":\"https:\/\/sefclinic.com\/?s={search_term_string}\"},\"query-input\":\"required name=search_term_string\"}],\"inLanguage\":\"en-US\"},{\"@type\":\"Organization\",\"@id\":\"https:\/\/sefclinic.com\/#organization\",\"name\":\"SEF KL\u0130N\u0130K\",\"url\":\"https:\/\/sefclinic.com\/\",\"logo\":{\"@type\":\"ImageObject\",\"inLanguage\":\"en-US\",\"@id\":\"https:\/\/sefclinic.com\/#\/schema\/logo\/image\/\",\"url\":\"https:\/\/sefclinic.com\/wp-content\/uploads\/2023\/01\/Adsiz-100-\u00d7-56-piksel-1-e1674215712983.png\",\"contentUrl\":\"https:\/\/sefclinic.com\/wp-content\/uploads\/2023\/01\/Adsiz-100-\u00d7-56-piksel-1-e1674215712983.png\",\"width\":313,\"height\":65,\"caption\":\"SEF KL\u0130N\u0130K\"},\"image\":{\"@id\":\"https:\/\/sefclinic.com\/#\/schema\/logo\/image\/\"},\"sameAs\":[\"https:\/\/www.facebook.com\/sefclinictr\",\"https:\/\/www.instagram.com\/sefklinik\",\"https:\/\/www.instagram.com\/sefclinicint\"]}]}<\/script>\n<!-- \/ Yoast SEO plugin. -->","yoast_head_json":{"title":"Sef Klinik | Dental Radyoloji","description":"Sef Klinik | Dental Radyoloji","robots":{"index":"index","follow":"follow","max-snippet":"max-snippet:-1","max-image-preview":"max-image-preview:large","max-video-preview":"max-video-preview:-1"},"canonical":"https:\/\/sefclinic.com\/en\/dental-radyoloji\/","og_locale":"en_US","og_type":"article","og_title":"Sef Klinik | Dental Radyoloji","og_description":"Sef Klinik | Dental Radyoloji","og_url":"https:\/\/sefclinic.com\/en\/dental-radyoloji\/","og_site_name":"Sef Klinik","article_publisher":"https:\/\/www.facebook.com\/sefclinictr","article_modified_time":"2023-11-24T15:07:02+00:00","og_image":[{"width":2560,"height":1707,"url":"https:\/\/sefclinic.com\/wp-content\/uploads\/2023\/01\/May-Dental-54-1-scaled.jpg","type":"image\/jpeg"}],"twitter_card":"summary_large_image","twitter_misc":{"Est. reading time":"2 minutes"},"schema":{"@context":"https:\/\/schema.org","@graph":[{"@type":"WebPage","@id":"https:\/\/sefclinic.com\/dental-radyoloji\/","url":"https:\/\/sefclinic.com\/dental-radyoloji\/","name":"Sef Klinik | Dental Radyoloji","isPartOf":{"@id":"https:\/\/sefclinic.com\/#website"},"datePublished":"2023-01-27T11:16:55+00:00","dateModified":"2023-11-24T15:07:02+00:00","description":"Sef Klinik | Dental Radyoloji","breadcrumb":{"@id":"https:\/\/sefclinic.com\/dental-radyoloji\/#breadcrumb"},"inLanguage":"en-US","potentialAction":[{"@type":"ReadAction","target":["https:\/\/sefclinic.com\/dental-radyoloji\/"]}]},{"@type":"BreadcrumbList","@id":"https:\/\/sefclinic.com\/dental-radyoloji\/#breadcrumb","itemListElement":[{"@type":"ListItem","position":1,"name":"Anasayfa","item":"https:\/\/sefclinic.com\/"},{"@type":"ListItem","position":2,"name":"Dental Radyoloji"}]},{"@type":"WebSite","@id":"https:\/\/sefclinic.com\/#website","url":"https:\/\/sefclinic.com\/","name":"SEF KL\u0130N\u0130K","description":"Smile Awesome!","publisher":{"@id":"https:\/\/sefclinic.com\/#organization"},"potentialAction":[{"@type":"SearchAction","target":{"@type":"EntryPoint","urlTemplate":"https:\/\/sefclinic.com\/?s={search_term_string}"},"query-input":"required name=search_term_string"}],"inLanguage":"en-US"},{"@type":"Organization","@id":"https:\/\/sefclinic.com\/#organization","name":"SEF KL\u0130N\u0130K","url":"https:\/\/sefclinic.com\/","logo":{"@type":"ImageObject","inLanguage":"en-US","@id":"https:\/\/sefclinic.com\/#\/schema\/logo\/image\/","url":"https:\/\/sefclinic.com\/wp-content\/uploads\/2023\/01\/Adsiz-100-\u00d7-56-piksel-1-e1674215712983.png","contentUrl":"https:\/\/sefclinic.com\/wp-content\/uploads\/2023\/01\/Adsiz-100-\u00d7-56-piksel-1-e1674215712983.png","width":313,"height":65,"caption":"SEF KL\u0130N\u0130K"},"image":{"@id":"https:\/\/sefclinic.com\/#\/schema\/logo\/image\/"},"sameAs":["https:\/\/www.facebook.com\/sefclinictr","https:\/\/www.instagram.com\/sefklinik","https:\/\/www.instagram.com\/sefclinicint"]}]}},"_links":{"self":[{"href":"https:\/\/sefclinic.com\/en\/wp-json\/wp\/v2\/pages\/116","targetHints":{"allow":["GET"]}}],"collection":[{"href":"https:\/\/sefclinic.com\/en\/wp-json\/wp\/v2\/pages"}],"about":[{"href":"https:\/\/sefclinic.com\/en\/wp-json\/wp\/v2\/types\/page"}],"author":[{"embeddable":true,"href":"https:\/\/sefclinic.com\/en\/wp-json\/wp\/v2\/users\/1"}],"replies":[{"embeddable":true,"href":"https:\/\/sefclinic.com\/en\/wp-json\/wp\/v2\/comments?post=116"}],"version-history":[{"count":2,"href":"https:\/\/sefclinic.com\/en\/wp-json\/wp\/v2\/pages\/116\/revisions"}],"predecessor-version":[{"id":149,"href":"https:\/\/sefclinic.com\/en\/wp-json\/wp\/v2\/pages\/116\/revisions\/149"}],"wp:attachment":[{"href":"https:\/\/sefclinic.com\/en\/wp-json\/wp\/v2\/media?parent=116"}],"curies":[{"name":"wp","href":"https:\/\/api.w.org\/{rel}","templated":true}]}}