{"id":108,"date":"2023-01-27T11:05:59","date_gmt":"2023-01-27T11:05:59","guid":{"rendered":"https:\/\/sefclinic.com\/oral-diagnoz-kopya\/"},"modified":"2023-01-27T11:09:56","modified_gmt":"2023-01-27T11:09:56","slug":"konservatif","status":"publish","type":"page","link":"https:\/\/sefclinic.com\/en\/konservatif\/","title":{"rendered":"Konservatif"},"content":{"rendered":"<div class=\"wp-block-group is-vertical is-layout-flex wp-container-core-group-is-layout-41fdfdc5 wp-block-group-is-layout-flex\">\r\n<div class=\"page\" title=\"Page 4\">\r\n<div class=\"layoutArea\">\r\n<div class=\"column\">\r\n<div class=\"page\" title=\"Page 5\">\r\n<div class=\"layoutArea\">\r\n<div class=\"column\">\r\n<p><strong>KONSERVATI\u0307F<\/strong><\/p>\r\n<\/div>\r\n<\/div>\r\n<\/div>\r\n<div class=\"page\" title=\"Page 6\">\r\n<div class=\"layoutArea\">\r\n<div class=\"column\">\r\n<p><strong>SEF Clinic Konservatif Klinig\u0306inde Hangi Tedaviler Uygulanmaktad\u0131r?<\/strong><\/p>\r\n<p>Her tu\u0308rlu\u0308 konservatif tedavi klinig\u0306imizde uygulanmaktad\u0131r. Klinig\u0306imizde as\u0327ag\u0306\u0131daki tedavi hizmetleri sunulmaktad\u0131r:<\/p>\r\n<ul>\r\n<li>Kompozit Dolgu<\/li>\r\n<li>Kole Hassasiyet Tedavisi<\/li>\r\n<li>Kompozit Inley-Onley<\/li>\r\n<li>Seramik Inley<\/li>\r\n<li>Onley Dolgu<\/li>\r\n<li>Kompozit Laminate Veneer<\/li>\r\n<\/ul>\r\n<p><strong>Dolgu Nedir Ve Hangi Durumlarda Uygulan\u0131r?<\/strong><\/p>\r\n<p>C\u0327u\u0308ru\u0308k veya k\u0131r\u0131k parc\u0327as\u0131 bulunan dis\u0327lerin eksik dis\u0327 yap\u0131s\u0131n\u0131n is\u0327levini, bu\u0308tu\u0308nlu\u0308g\u0306u\u0308nu\u0308 ve morfolojisini geri kazand\u0131rmak ic\u0327in kullan\u0131lan tedavilerdir. Dis\u0327i tamamen kaybetmenin o\u0308nu\u0308ne gec\u0327er. Ag\u0306\u0131z bak\u0131m\u0131 yeterli deg\u0306ilse dolgu yap\u0131lan dis\u0327 tekrar c\u0327u\u0308ru\u0308yebilir. Ayr\u0131ca her dolgunun bir o\u0308mru\u0308 vard\u0131r. Zamanla dis\u0327 ile uyumu bozulan dolgular yeni c\u0327u\u0308ru\u0308k olus\u0327madan deg\u0306is\u0327tirilmelidir.<\/p>\r\n<ul>\r\n<li>\r\n<p><strong>Dis\u0327imin C\u0327u\u0308ru\u0308k Olup Olmad\u0131g\u0306\u0131n\u0131 Nas\u0131l Anlayabilirim?<\/strong><\/p>\r\n<p>O\u0308zellikle s\u0327ekerli, s\u0131cak veya sog\u0306uk yiyecekler yedikten sonra hassasiyet olus\u0327mas\u0131, bazen \u0131s\u0131rd\u0131g\u0306\u0131n\u0131zda dahi ac\u0131 hissetmeniz c\u0327u\u0308ru\u0308k belirtisi olabilir. Ayr\u0131ca bazen boyutuna bag\u0306l\u0131 olarak go\u0308zu\u0308nu\u0308zle de ag\u0306z\u0131n\u0131zda c\u0327u\u0308ru\u0308g\u0306u\u0308n belirtisini go\u0308rebilirsiniz. C\u0327u\u0308ru\u0308kler bazen dis\u0327lerde go\u0308zle go\u0308ru\u0308lu\u0308r delikler olus\u0327turur veya d\u0131s\u0327 yu\u0308zeyinde siyah, kahverengi, beyaz lekeler de olus\u0327turabilirler.<\/p>\r\n<\/li>\r\n<li>\r\n<p><strong>Dis\u0327teki C\u0327u\u0308ru\u0308k Nas\u0131l Temizlenir?<\/strong><\/p>\r\n<p>Su sog\u0306utmas\u0131 alt\u0131nda yu\u0308ksek devirlerde c\u0327al\u0131s\u0327an aletlere tak\u0131lan elmas ve c\u0327elik uc\u0327lu frezlerle temizlenir.<\/p>\r\n<\/li>\r\n<li>\r\n<p><strong>C\u0327u\u0308ru\u0308k Tedavisinde Hangi Yo\u0308ntemler Kullan\u0131l\u0131r?<\/strong><\/p>\r\n<p>Dis\u0327 c\u0327u\u0308ru\u0308klerinde c\u0327u\u0308ru\u0308g\u0306u\u0308n boyutuna go\u0308re fissu\u0308r o\u0308rtu\u0308cu\u0308, dolgu, kanal tedavisi uygulanabilir. Bunlar yeterli gelmedig\u0306inde maalesef dis\u0327 c\u0327ekilir.<\/p>\r\n<\/li>\r\n<li>\r\n<p><strong>Amalgam (Gri Dolgu) Art\u0131k Yap\u0131lm\u0131yor mu?<\/strong><\/p>\r\n<p>Amalgam dolgu ic\u0327indeki civan\u0131n toksik olmas\u0131, uzun vadede dis\u0327te k\u0131r\u0131klara neden olmas\u0131 ve ag\u0306\u0131z ic\u0327inde estetik go\u0308ru\u0308ntu\u0308yu\u0308 bozmas\u0131 nedeniyle dis\u0327 rengindeki kompozit dolgular\u0131n da c\u0327\u0131kmas\u0131yla gu\u0308nu\u0308mu\u0308zde kullan\u0131m\u0131 oldukc\u0327a azd\u0131r.<\/p>\r\n<\/li>\r\n<\/ul>\r\n<\/div>\r\n<\/div>\r\n<\/div>\r\n<div class=\"page\" title=\"Page 7\">\r\n<div class=\"layoutArea\">\r\n<div class=\"column\">\r\n<ul>\r\n<li>\r\n<p><strong>K\u0131r\u0131k Dis\u0327ler Ne S\u0327ekilde Tedavi Edilir?<\/strong><\/p>\r\n<p>K\u0131r\u0131k dis\u0327ler k\u0131r\u0131k yerine ve boyutuna go\u0308re \u0131s\u0327\u0131nl\u0131 dolgu, porselen kuron lamina, metal destekli porselen kuron kaplama zirkonyum destekli porselen kaplama ile tedavi edilebilir.<\/p>\r\n<\/li>\r\n<li>\r\n<p><strong>Dolgu Yap\u0131ld\u0131ktan Sonra Nelere Dikkat Etmemiz Gerekmektedir?<\/strong><\/p>\r\n<p>Dolgu ard\u0131ndan, uyus\u0327ukluk gec\u0327meden hic\u0327bir s\u0327ey tu\u0308ketmememiz gerekmektedir. Zira anestezi etkisi ile dudak ve yanak \u0131s\u0131rmas\u0131, dis\u0327 k\u0131r\u0131lmas\u0131 go\u0308ru\u0308lebilir. Dolgu taraf\u0131na c\u0327ok sert g\u0131dalar c\u0327ig\u0306nemeyin.<\/p>\r\n<\/li>\r\n<li>\r\n<p><strong>Dolgu Tedavisinden Sonra Hassasiyetim Olabilir Mi?<\/strong><\/p>\r\n<p>Dolgu is\u0327lemi yap\u0131ld\u0131ktan sonra 2 haftaya kadar uzayabilen gittikc\u0327e azalan hassasiyet normal kabul edilmektedir. Dis\u0327 dolgusunun bu\u0308yu\u0308klu\u0308g\u0306u\u0308ne yeni dis\u0327in canl\u0131 dokusunun yak\u0131nl\u0131g\u0306\u0131na go\u0308re 6 aya kadar uzayabilen sog\u0306uk ve s\u0131cak hassasiyeti olus\u0327abilir.<\/p>\r\n<\/li>\r\n<li>\r\n<p><strong>Dolgu Yap\u0131lan Dis\u0327 C\u0327u\u0308ru\u0308r Mu\u0308?<\/strong><\/p>\r\n<p>Ag\u0306\u0131z hijyeni yetersiz oldug\u0306unda veya o\u0308mru\u0308nu\u0308 tamamlam\u0131s\u0327 dolgularda dis\u0327ler dolgu uyumu bozuldug\u0306unda dolgu yap\u0131lan dis\u0327 c\u0327u\u0308ru\u0308yebilir.<\/p>\r\n<\/li>\r\n<li>\r\n<p><strong>Dolgular\u0131n Deg\u0306is\u0327imi Gerekli Midir?<\/strong><\/p>\r\n<p>Dolgu ve dis\u0327 uyumu bozuldug\u0306unda, ag\u0306\u0131z hijyeni yetersiz bireylerde ikincil c\u0327u\u0308ru\u0308k olus\u0327tug\u0306unda, dolgu veya dis\u0327te k\u0131r\u0131k meydana geldig\u0306inde dolgular\u0131n deg\u0306is\u0327imi o\u0308nerilir.<\/p>\r\n<\/li>\r\n<li>\r\n<p><strong>Inley Ve Onley Uygulamas\u0131 Nedir Ve Nas\u0131l Uygulan\u0131r?<\/strong><\/p>\r\n<p>Bir dis\u0327in basit bir dolguyla tedavi edilmeyecek kadar genis\u0327, fakat kaplama yap\u0131lamayacak az bir k\u0131sm\u0131 c\u0327u\u0308ru\u0308du\u0308g\u0306u\u0308nde bas\u0327vurulan c\u0327o\u0308zu\u0308mlerdir. 2-3 seansta yap\u0131lmaktad\u0131r. Laboratuvar ortam\u0131nda u\u0308retilerek dis\u0327 hekimi taraf\u0131ndan dis\u0327e bag\u0306lanan dolgudur. I\u0307lk seansta c\u0327u\u0308ru\u0308k temizlenir, o\u0308lc\u0327u\u0308 al\u0131n\u0131r ve dis\u0327e gec\u0327ici dolgu yap\u0131l\u0131r. I\u0307kinci seansta gec\u0327ici dolgu c\u0327\u0131kar\u0131l\u0131r, inley ve onley provale yap\u0131l\u0131r. Her hangi bir s\u0131k\u0131nt\u0131 yoksa o\u0308zel bir yap\u0131s\u0327t\u0131r\u0131c\u0131 ile inley ya da onley dis\u0327e yap\u0131s\u0327t\u0131r\u0131l\u0131r. Son olarak kapan\u0131s\u0327 kontrol edilip ayarlan\u0131r ve cilas\u0131 yap\u0131l\u0131r.<\/p>\r\n<\/li>\r\n<\/ul>\r\n<\/div>\r\n<\/div>\r\n<\/div>\r\n<\/div>\r\n<\/div>\r\n<\/div>\r\n<\/div>","protected":false},"excerpt":{"rendered":"<p>KONSERVATI\u0307F SEF Clinic Konservatif Klinig\u0306inde Hangi Tedaviler Uygulanmaktad\u0131r? Her tu\u0308rlu\u0308 konservatif tedavi klinig\u0306imizde uygulanmaktad\u0131r. Klinig\u0306imizde as\u0327ag\u0306\u0131daki tedavi hizmetleri sunulmaktad\u0131r: Kompozit Dolgu Kole Hassasiyet Tedavisi Kompozit Inley-Onley Seramik Inley Onley Dolgu Kompozit Laminate Veneer Dolgu Nedir Ve Hangi Durumlarda Uygulan\u0131r? C\u0327u\u0308ru\u0308k veya k\u0131r\u0131k parc\u0327as\u0131 bulunan dis\u0327lerin eksik dis\u0327 yap\u0131s\u0131n\u0131n is\u0327levini, bu\u0308tu\u0308nlu\u0308g\u0306u\u0308nu\u0308 ve morfolojisini geri kazand\u0131rmak ic\u0327in kullan\u0131lan tedavilerdir. Dis\u0327i tamamen kaybetmenin o\u0308nu\u0308ne gec\u0327er. Ag\u0306\u0131z bak\u0131m\u0131 yeterli deg\u0306ilse dolgu yap\u0131lan dis\u0327 tekrar c\u0327u\u0308ru\u0308yebilir. Ayr\u0131ca her dolgunun bir o\u0308mru\u0308 vard\u0131r. Zamanla dis\u0327 ile uyumu bozulan dolgular yeni c\u0327u\u0308ru\u0308k olus\u0327madan deg\u0306is\u0327tirilmelidir. Dis\u0327imin C\u0327u\u0308ru\u0308k Olup Olmad\u0131g\u0306\u0131n\u0131 Nas\u0131l Anlayabilirim? O\u0308zellikle s\u0327ekerli, s\u0131cak veya sog\u0306uk yiyecekler yedikten<\/p>","protected":false},"author":1,"featured_media":0,"parent":0,"menu_order":0,"comment_status":"closed","ping_status":"closed","template":"","meta":{"footnotes":""},"class_list":["post-108","page","type-page","status-publish","hentry"],"yoast_head":"<!-- This site is optimized with the Yoast SEO plugin v21.5 - https:\/\/yoast.com\/wordpress\/plugins\/seo\/ -->\n<title>Sef Klinik | Konservatif<\/title>\n<meta name=\"description\" content=\"Sef Klinik | Konservatif\" \/>\n<meta name=\"robots\" content=\"index, follow, max-snippet:-1, max-image-preview:large, max-video-preview:-1\" \/>\n<link rel=\"canonical\" href=\"https:\/\/sefclinic.com\/en\/konservatif\/\" \/>\n<meta property=\"og:locale\" content=\"en_US\" \/>\n<meta property=\"og:type\" content=\"article\" \/>\n<meta property=\"og:title\" content=\"Sef Klinik | Konservatif\" \/>\n<meta property=\"og:description\" content=\"Sef Klinik | Konservatif\" \/>\n<meta property=\"og:url\" content=\"https:\/\/sefclinic.com\/en\/konservatif\/\" \/>\n<meta property=\"og:site_name\" content=\"Sef Klinik\" \/>\n<meta property=\"article:publisher\" content=\"https:\/\/www.facebook.com\/sefclinictr\" \/>\n<meta property=\"article:modified_time\" content=\"2023-01-27T11:09:56+00:00\" \/>\n<meta property=\"og:image\" content=\"https:\/\/sefclinic.com\/wp-content\/uploads\/2023\/01\/May-Dental-54-1-scaled.jpg\" \/>\n\t<meta property=\"og:image:width\" content=\"2560\" \/>\n\t<meta property=\"og:image:height\" content=\"1707\" \/>\n\t<meta property=\"og:image:type\" content=\"image\/jpeg\" \/>\n<meta name=\"twitter:card\" content=\"summary_large_image\" \/>\n<meta name=\"twitter:label1\" content=\"Est. reading time\" \/>\n\t<meta name=\"twitter:data1\" content=\"4 minutes\" \/>\n<script type=\"application\/ld+json\" class=\"yoast-schema-graph\">{\"@context\":\"https:\/\/schema.org\",\"@graph\":[{\"@type\":\"WebPage\",\"@id\":\"https:\/\/sefclinic.com\/konservatif\/\",\"url\":\"https:\/\/sefclinic.com\/konservatif\/\",\"name\":\"Sef Klinik | Konservatif\",\"isPartOf\":{\"@id\":\"https:\/\/sefclinic.com\/#website\"},\"datePublished\":\"2023-01-27T11:05:59+00:00\",\"dateModified\":\"2023-01-27T11:09:56+00:00\",\"description\":\"Sef Klinik | Konservatif\",\"breadcrumb\":{\"@id\":\"https:\/\/sefclinic.com\/konservatif\/#breadcrumb\"},\"inLanguage\":\"en-US\",\"potentialAction\":[{\"@type\":\"ReadAction\",\"target\":[\"https:\/\/sefclinic.com\/konservatif\/\"]}]},{\"@type\":\"BreadcrumbList\",\"@id\":\"https:\/\/sefclinic.com\/konservatif\/#breadcrumb\",\"itemListElement\":[{\"@type\":\"ListItem\",\"position\":1,\"name\":\"Anasayfa\",\"item\":\"https:\/\/sefclinic.com\/\"},{\"@type\":\"ListItem\",\"position\":2,\"name\":\"Konservatif\"}]},{\"@type\":\"WebSite\",\"@id\":\"https:\/\/sefclinic.com\/#website\",\"url\":\"https:\/\/sefclinic.com\/\",\"name\":\"SEF KL\u0130N\u0130K\",\"description\":\"Smile Awesome!\",\"publisher\":{\"@id\":\"https:\/\/sefclinic.com\/#organization\"},\"potentialAction\":[{\"@type\":\"SearchAction\",\"target\":{\"@type\":\"EntryPoint\",\"urlTemplate\":\"https:\/\/sefclinic.com\/?s={search_term_string}\"},\"query-input\":\"required name=search_term_string\"}],\"inLanguage\":\"en-US\"},{\"@type\":\"Organization\",\"@id\":\"https:\/\/sefclinic.com\/#organization\",\"name\":\"SEF KL\u0130N\u0130K\",\"url\":\"https:\/\/sefclinic.com\/\",\"logo\":{\"@type\":\"ImageObject\",\"inLanguage\":\"en-US\",\"@id\":\"https:\/\/sefclinic.com\/#\/schema\/logo\/image\/\",\"url\":\"https:\/\/sefclinic.com\/wp-content\/uploads\/2023\/01\/Adsiz-100-\u00d7-56-piksel-1-e1674215712983.png\",\"contentUrl\":\"https:\/\/sefclinic.com\/wp-content\/uploads\/2023\/01\/Adsiz-100-\u00d7-56-piksel-1-e1674215712983.png\",\"width\":313,\"height\":65,\"caption\":\"SEF KL\u0130N\u0130K\"},\"image\":{\"@id\":\"https:\/\/sefclinic.com\/#\/schema\/logo\/image\/\"},\"sameAs\":[\"https:\/\/www.facebook.com\/sefclinictr\",\"https:\/\/www.instagram.com\/sefklinik\",\"https:\/\/www.instagram.com\/sefclinicint\"]}]}<\/script>\n<!-- \/ Yoast SEO plugin. -->","yoast_head_json":{"title":"Sef Klinik | Konservatif","description":"Sef Klinik | Konservatif","robots":{"index":"index","follow":"follow","max-snippet":"max-snippet:-1","max-image-preview":"max-image-preview:large","max-video-preview":"max-video-preview:-1"},"canonical":"https:\/\/sefclinic.com\/en\/konservatif\/","og_locale":"en_US","og_type":"article","og_title":"Sef Klinik | Konservatif","og_description":"Sef Klinik | Konservatif","og_url":"https:\/\/sefclinic.com\/en\/konservatif\/","og_site_name":"Sef Klinik","article_publisher":"https:\/\/www.facebook.com\/sefclinictr","article_modified_time":"2023-01-27T11:09:56+00:00","og_image":[{"width":2560,"height":1707,"url":"https:\/\/sefclinic.com\/wp-content\/uploads\/2023\/01\/May-Dental-54-1-scaled.jpg","type":"image\/jpeg"}],"twitter_card":"summary_large_image","twitter_misc":{"Est. reading time":"4 minutes"},"schema":{"@context":"https:\/\/schema.org","@graph":[{"@type":"WebPage","@id":"https:\/\/sefclinic.com\/konservatif\/","url":"https:\/\/sefclinic.com\/konservatif\/","name":"Sef Klinik | Konservatif","isPartOf":{"@id":"https:\/\/sefclinic.com\/#website"},"datePublished":"2023-01-27T11:05:59+00:00","dateModified":"2023-01-27T11:09:56+00:00","description":"Sef Klinik | Konservatif","breadcrumb":{"@id":"https:\/\/sefclinic.com\/konservatif\/#breadcrumb"},"inLanguage":"en-US","potentialAction":[{"@type":"ReadAction","target":["https:\/\/sefclinic.com\/konservatif\/"]}]},{"@type":"BreadcrumbList","@id":"https:\/\/sefclinic.com\/konservatif\/#breadcrumb","itemListElement":[{"@type":"ListItem","position":1,"name":"Anasayfa","item":"https:\/\/sefclinic.com\/"},{"@type":"ListItem","position":2,"name":"Konservatif"}]},{"@type":"WebSite","@id":"https:\/\/sefclinic.com\/#website","url":"https:\/\/sefclinic.com\/","name":"SEF KL\u0130N\u0130K","description":"Smile Awesome!","publisher":{"@id":"https:\/\/sefclinic.com\/#organization"},"potentialAction":[{"@type":"SearchAction","target":{"@type":"EntryPoint","urlTemplate":"https:\/\/sefclinic.com\/?s={search_term_string}"},"query-input":"required name=search_term_string"}],"inLanguage":"en-US"},{"@type":"Organization","@id":"https:\/\/sefclinic.com\/#organization","name":"SEF KL\u0130N\u0130K","url":"https:\/\/sefclinic.com\/","logo":{"@type":"ImageObject","inLanguage":"en-US","@id":"https:\/\/sefclinic.com\/#\/schema\/logo\/image\/","url":"https:\/\/sefclinic.com\/wp-content\/uploads\/2023\/01\/Adsiz-100-\u00d7-56-piksel-1-e1674215712983.png","contentUrl":"https:\/\/sefclinic.com\/wp-content\/uploads\/2023\/01\/Adsiz-100-\u00d7-56-piksel-1-e1674215712983.png","width":313,"height":65,"caption":"SEF KL\u0130N\u0130K"},"image":{"@id":"https:\/\/sefclinic.com\/#\/schema\/logo\/image\/"},"sameAs":["https:\/\/www.facebook.com\/sefclinictr","https:\/\/www.instagram.com\/sefklinik","https:\/\/www.instagram.com\/sefclinicint"]}]}},"_links":{"self":[{"href":"https:\/\/sefclinic.com\/en\/wp-json\/wp\/v2\/pages\/108","targetHints":{"allow":["GET"]}}],"collection":[{"href":"https:\/\/sefclinic.com\/en\/wp-json\/wp\/v2\/pages"}],"about":[{"href":"https:\/\/sefclinic.com\/en\/wp-json\/wp\/v2\/types\/page"}],"author":[{"embeddable":true,"href":"https:\/\/sefclinic.com\/en\/wp-json\/wp\/v2\/users\/1"}],"replies":[{"embeddable":true,"href":"https:\/\/sefclinic.com\/en\/wp-json\/wp\/v2\/comments?post=108"}],"version-history":[{"count":3,"href":"https:\/\/sefclinic.com\/en\/wp-json\/wp\/v2\/pages\/108\/revisions"}],"predecessor-version":[{"id":111,"href":"https:\/\/sefclinic.com\/en\/wp-json\/wp\/v2\/pages\/108\/revisions\/111"}],"wp:attachment":[{"href":"https:\/\/sefclinic.com\/en\/wp-json\/wp\/v2\/media?parent=108"}],"curies":[{"name":"wp","href":"https:\/\/api.w.org\/{rel}","templated":true}]}}