{"id":106,"date":"2023-01-27T11:03:19","date_gmt":"2023-01-27T11:03:19","guid":{"rendered":"https:\/\/sefclinic.com\/protez-dis-kaplama-kopya\/"},"modified":"2023-01-27T11:05:13","modified_gmt":"2023-01-27T11:05:13","slug":"oral-diagnoz","status":"publish","type":"page","link":"https:\/\/sefclinic.com\/en\/oral-diagnoz\/","title":{"rendered":"Oral Diagnosis"},"content":{"rendered":"<div class=\"wp-block-group is-vertical is-layout-flex wp-container-core-group-is-layout-41fdfdc5 wp-block-group-is-layout-flex\">\r\n<div class=\"page\" title=\"Page 4\">\r\n<div class=\"layoutArea\">\r\n<div class=\"column\">\r\n<p><strong>ORAL DIAGNOZ<\/strong><\/p>\r\n<p><strong>Oral Diagnoz Klinig\u0306i Ne Demek?<\/strong><\/p>\r\n<p>Klinig\u0306e gelen hastalar\u0131n ilk muayenesi, tes\u0327his ve tedavi planlamalar\u0131n\u0131n yap\u0131ld\u0131g\u0306\u0131 yerdir. Bu bo\u0308lu\u0308mde kullan\u0131lan filmler ve bilgisayarlar sayesinde kolayca dig\u0306er hastal\u0131klar\u0131n varl\u0131g\u0306\u0131 anlas\u0327\u0131l\u0131r. Ayr\u0131ca gu\u0308nu\u0308mu\u0308zde gelis\u0327mis\u0327 teknolojiyle birlikte birc\u0327ok arac\u0327 gerec\u0327 bu alanda kullan\u0131lmaktad\u0131r.<\/p>\r\n<p>Sef Clinic Oral Diagnoz Klinig\u0306inde Hangi Tedaviler Uygulanabilir?<\/p>\r\n<p>-Tes\u0327his ve tedavi planlamas\u0131<br \/>-Radyografik tetkiklerin deg\u0306erlendirilmesi<br \/>-Dis\u0327 hekimi muayenesi<br \/>-Uzman dis\u0327 hekimi muayenesi<br \/>-Oral hijyen eg\u0306itimi<br \/>-Konsu\u0308ltasyon<\/p>\r\n<p><br \/><strong>1. I\u0307lk muayenede neler yap\u0131l\u0131r ve zorunlu mudur?<\/strong><\/p>\r\n<p>Hastalar\u0131n kliniklere tedavi amac\u0131yla bas\u0327vurduklar\u0131 andan itibaren yap\u0131lacak tedaviyi belirlemek, tedavinin sonraki as\u0327amalar\u0131ndaki izlenecek yollar\u0131 netles\u0327tirmek ic\u0327in yap\u0131lan muayene is\u0327lemine \u201cilk muayene\u201d denir. Bu as\u0327amada ag\u0306\u0131z ic\u0327indeki her problem dikkatlice incelenip en dog\u0306ru tes\u0327his konulur.<\/p>\r\n<p><strong>2.Konsu\u0308ltasyon nedir?<\/strong><\/p>\r\n<p>Farkl\u0131 uzmanl\u0131k alanlar\u0131ndaki hekimlerin, bir hastan\u0131n tan\u0131 ve tedavisi ic\u0327in go\u0308ru\u0308s\u0327 al\u0131s\u0327veris\u0327inde bulunmalar\u0131 ve bu sonuc\u0327lara go\u0308re hastan\u0131n tedavisinin planlanmas\u0131d\u0131r.<\/p>\r\n<p><strong>3.Oral Hijyen Eg\u0306itimi nedir?<\/strong><\/p>\r\n<p>Ag\u0306\u0131z sag\u0306l\u0131g\u0306\u0131 konusunda al\u0131nmas\u0131 gereken o\u0308nlemler hakk\u0131nda tam bilgi sag\u0306lar. Kis\u0327ilerin ag\u0306\u0131z hijyenini korumak ic\u0327in yap\u0131lmas\u0131 gerekenleri bildirir. Bu eg\u0306itimin genc\u0327 yas\u0327taki c\u0327ocuklara verilmesi ileri do\u0308nemdeki ag\u0306\u0131z ve dis\u0327 sag\u0306l\u0131g\u0306\u0131n\u0131 o\u0308nemli yo\u0308nde etkiler.<\/p>\r\n<\/div>\r\n<\/div>\r\n<\/div>\r\n<\/div>","protected":false},"excerpt":{"rendered":"<p>ORAL DIAGNOZ Oral Diagnoz Klinig\u0306i Ne Demek? Klinig\u0306e gelen hastalar\u0131n ilk muayenesi, tes\u0327his ve tedavi planlamalar\u0131n\u0131n yap\u0131ld\u0131g\u0306\u0131 yerdir. Bu bo\u0308lu\u0308mde kullan\u0131lan filmler ve bilgisayarlar sayesinde kolayca dig\u0306er hastal\u0131klar\u0131n varl\u0131g\u0306\u0131 anlas\u0327\u0131l\u0131r. Ayr\u0131ca gu\u0308nu\u0308mu\u0308zde gelis\u0327mis\u0327 teknolojiyle birlikte birc\u0327ok arac\u0327 gerec\u0327 bu alanda kullan\u0131lmaktad\u0131r. Sef Clinic Oral Diagnoz Klinig\u0306inde Hangi Tedaviler Uygulanabilir? -Tes\u0327his ve tedavi planlamas\u0131-Radyografik tetkiklerin deg\u0306erlendirilmesi-Dis\u0327 hekimi muayenesi-Uzman dis\u0327 hekimi muayenesi-Oral hijyen eg\u0306itimi-Konsu\u0308ltasyon 1. I\u0307lk muayenede neler yap\u0131l\u0131r ve zorunlu mudur? Hastalar\u0131n kliniklere tedavi amac\u0131yla bas\u0327vurduklar\u0131 andan itibaren yap\u0131lacak tedaviyi belirlemek, tedavinin sonraki as\u0327amalar\u0131ndaki izlenecek yollar\u0131 netles\u0327tirmek ic\u0327in yap\u0131lan muayene is\u0327lemine \u201cilk muayene\u201d denir. Bu as\u0327amada ag\u0306\u0131z ic\u0327indeki her problem dikkatlice<\/p>","protected":false},"author":1,"featured_media":0,"parent":0,"menu_order":0,"comment_status":"closed","ping_status":"closed","template":"","meta":{"footnotes":""},"class_list":["post-106","page","type-page","status-publish","hentry"],"yoast_head":"<!-- This site is optimized with the Yoast SEO plugin v21.5 - https:\/\/yoast.com\/wordpress\/plugins\/seo\/ -->\n<title>Sef Klinik | Oral Diagnoz<\/title>\n<meta name=\"description\" content=\"Sef Klinik | Oral Diagnoz\" \/>\n<meta name=\"robots\" content=\"index, follow, max-snippet:-1, max-image-preview:large, max-video-preview:-1\" \/>\n<link rel=\"canonical\" href=\"https:\/\/sefclinic.com\/en\/oral-diagnoz\/\" \/>\n<meta property=\"og:locale\" content=\"en_US\" \/>\n<meta property=\"og:type\" content=\"article\" \/>\n<meta property=\"og:title\" content=\"Sef Klinik | Oral Diagnoz\" \/>\n<meta property=\"og:description\" content=\"Sef Klinik | Oral Diagnoz\" \/>\n<meta property=\"og:url\" content=\"https:\/\/sefclinic.com\/en\/oral-diagnoz\/\" \/>\n<meta property=\"og:site_name\" content=\"Sef Klinik\" \/>\n<meta property=\"article:publisher\" content=\"https:\/\/www.facebook.com\/sefclinictr\" \/>\n<meta property=\"article:modified_time\" content=\"2023-01-27T11:05:13+00:00\" \/>\n<meta property=\"og:image\" content=\"https:\/\/sefclinic.com\/wp-content\/uploads\/2023\/01\/May-Dental-54-1-scaled.jpg\" \/>\n\t<meta property=\"og:image:width\" content=\"2560\" \/>\n\t<meta property=\"og:image:height\" content=\"1707\" \/>\n\t<meta property=\"og:image:type\" content=\"image\/jpeg\" \/>\n<meta name=\"twitter:card\" content=\"summary_large_image\" \/>\n<meta name=\"twitter:label1\" content=\"Est. reading time\" \/>\n\t<meta name=\"twitter:data1\" content=\"1 minute\" \/>\n<script type=\"application\/ld+json\" class=\"yoast-schema-graph\">{\"@context\":\"https:\/\/schema.org\",\"@graph\":[{\"@type\":\"WebPage\",\"@id\":\"https:\/\/sefclinic.com\/oral-diagnoz\/\",\"url\":\"https:\/\/sefclinic.com\/oral-diagnoz\/\",\"name\":\"Sef Klinik | Oral Diagnoz\",\"isPartOf\":{\"@id\":\"https:\/\/sefclinic.com\/#website\"},\"datePublished\":\"2023-01-27T11:03:19+00:00\",\"dateModified\":\"2023-01-27T11:05:13+00:00\",\"description\":\"Sef Klinik | Oral Diagnoz\",\"breadcrumb\":{\"@id\":\"https:\/\/sefclinic.com\/oral-diagnoz\/#breadcrumb\"},\"inLanguage\":\"en-US\",\"potentialAction\":[{\"@type\":\"ReadAction\",\"target\":[\"https:\/\/sefclinic.com\/oral-diagnoz\/\"]}]},{\"@type\":\"BreadcrumbList\",\"@id\":\"https:\/\/sefclinic.com\/oral-diagnoz\/#breadcrumb\",\"itemListElement\":[{\"@type\":\"ListItem\",\"position\":1,\"name\":\"Anasayfa\",\"item\":\"https:\/\/sefclinic.com\/\"},{\"@type\":\"ListItem\",\"position\":2,\"name\":\"Oral Diagnoz\"}]},{\"@type\":\"WebSite\",\"@id\":\"https:\/\/sefclinic.com\/#website\",\"url\":\"https:\/\/sefclinic.com\/\",\"name\":\"SEF KL\u0130N\u0130K\",\"description\":\"Smile Awesome!\",\"publisher\":{\"@id\":\"https:\/\/sefclinic.com\/#organization\"},\"potentialAction\":[{\"@type\":\"SearchAction\",\"target\":{\"@type\":\"EntryPoint\",\"urlTemplate\":\"https:\/\/sefclinic.com\/?s={search_term_string}\"},\"query-input\":\"required name=search_term_string\"}],\"inLanguage\":\"en-US\"},{\"@type\":\"Organization\",\"@id\":\"https:\/\/sefclinic.com\/#organization\",\"name\":\"SEF KL\u0130N\u0130K\",\"url\":\"https:\/\/sefclinic.com\/\",\"logo\":{\"@type\":\"ImageObject\",\"inLanguage\":\"en-US\",\"@id\":\"https:\/\/sefclinic.com\/#\/schema\/logo\/image\/\",\"url\":\"https:\/\/sefclinic.com\/wp-content\/uploads\/2023\/01\/Adsiz-100-\u00d7-56-piksel-1-e1674215712983.png\",\"contentUrl\":\"https:\/\/sefclinic.com\/wp-content\/uploads\/2023\/01\/Adsiz-100-\u00d7-56-piksel-1-e1674215712983.png\",\"width\":313,\"height\":65,\"caption\":\"SEF KL\u0130N\u0130K\"},\"image\":{\"@id\":\"https:\/\/sefclinic.com\/#\/schema\/logo\/image\/\"},\"sameAs\":[\"https:\/\/www.facebook.com\/sefclinictr\",\"https:\/\/www.instagram.com\/sefklinik\",\"https:\/\/www.instagram.com\/sefclinicint\"]}]}<\/script>\n<!-- \/ Yoast SEO plugin. -->","yoast_head_json":{"title":"Sef Klinik | Oral Diagnoz","description":"Sef Klinik | Oral Diagnoz","robots":{"index":"index","follow":"follow","max-snippet":"max-snippet:-1","max-image-preview":"max-image-preview:large","max-video-preview":"max-video-preview:-1"},"canonical":"https:\/\/sefclinic.com\/en\/oral-diagnoz\/","og_locale":"en_US","og_type":"article","og_title":"Sef Klinik | Oral Diagnoz","og_description":"Sef Klinik | Oral Diagnoz","og_url":"https:\/\/sefclinic.com\/en\/oral-diagnoz\/","og_site_name":"Sef Klinik","article_publisher":"https:\/\/www.facebook.com\/sefclinictr","article_modified_time":"2023-01-27T11:05:13+00:00","og_image":[{"width":2560,"height":1707,"url":"https:\/\/sefclinic.com\/wp-content\/uploads\/2023\/01\/May-Dental-54-1-scaled.jpg","type":"image\/jpeg"}],"twitter_card":"summary_large_image","twitter_misc":{"Est. reading time":"1 minute"},"schema":{"@context":"https:\/\/schema.org","@graph":[{"@type":"WebPage","@id":"https:\/\/sefclinic.com\/oral-diagnoz\/","url":"https:\/\/sefclinic.com\/oral-diagnoz\/","name":"Sef Klinik | Oral Diagnoz","isPartOf":{"@id":"https:\/\/sefclinic.com\/#website"},"datePublished":"2023-01-27T11:03:19+00:00","dateModified":"2023-01-27T11:05:13+00:00","description":"Sef Klinik | Oral Diagnoz","breadcrumb":{"@id":"https:\/\/sefclinic.com\/oral-diagnoz\/#breadcrumb"},"inLanguage":"en-US","potentialAction":[{"@type":"ReadAction","target":["https:\/\/sefclinic.com\/oral-diagnoz\/"]}]},{"@type":"BreadcrumbList","@id":"https:\/\/sefclinic.com\/oral-diagnoz\/#breadcrumb","itemListElement":[{"@type":"ListItem","position":1,"name":"Anasayfa","item":"https:\/\/sefclinic.com\/"},{"@type":"ListItem","position":2,"name":"Oral Diagnoz"}]},{"@type":"WebSite","@id":"https:\/\/sefclinic.com\/#website","url":"https:\/\/sefclinic.com\/","name":"SEF KL\u0130N\u0130K","description":"Smile Awesome!","publisher":{"@id":"https:\/\/sefclinic.com\/#organization"},"potentialAction":[{"@type":"SearchAction","target":{"@type":"EntryPoint","urlTemplate":"https:\/\/sefclinic.com\/?s={search_term_string}"},"query-input":"required name=search_term_string"}],"inLanguage":"en-US"},{"@type":"Organization","@id":"https:\/\/sefclinic.com\/#organization","name":"SEF KL\u0130N\u0130K","url":"https:\/\/sefclinic.com\/","logo":{"@type":"ImageObject","inLanguage":"en-US","@id":"https:\/\/sefclinic.com\/#\/schema\/logo\/image\/","url":"https:\/\/sefclinic.com\/wp-content\/uploads\/2023\/01\/Adsiz-100-\u00d7-56-piksel-1-e1674215712983.png","contentUrl":"https:\/\/sefclinic.com\/wp-content\/uploads\/2023\/01\/Adsiz-100-\u00d7-56-piksel-1-e1674215712983.png","width":313,"height":65,"caption":"SEF KL\u0130N\u0130K"},"image":{"@id":"https:\/\/sefclinic.com\/#\/schema\/logo\/image\/"},"sameAs":["https:\/\/www.facebook.com\/sefclinictr","https:\/\/www.instagram.com\/sefklinik","https:\/\/www.instagram.com\/sefclinicint"]}]}},"_links":{"self":[{"href":"https:\/\/sefclinic.com\/en\/wp-json\/wp\/v2\/pages\/106","targetHints":{"allow":["GET"]}}],"collection":[{"href":"https:\/\/sefclinic.com\/en\/wp-json\/wp\/v2\/pages"}],"about":[{"href":"https:\/\/sefclinic.com\/en\/wp-json\/wp\/v2\/types\/page"}],"author":[{"embeddable":true,"href":"https:\/\/sefclinic.com\/en\/wp-json\/wp\/v2\/users\/1"}],"replies":[{"embeddable":true,"href":"https:\/\/sefclinic.com\/en\/wp-json\/wp\/v2\/comments?post=106"}],"version-history":[{"count":1,"href":"https:\/\/sefclinic.com\/en\/wp-json\/wp\/v2\/pages\/106\/revisions"}],"predecessor-version":[{"id":107,"href":"https:\/\/sefclinic.com\/en\/wp-json\/wp\/v2\/pages\/106\/revisions\/107"}],"wp:attachment":[{"href":"https:\/\/sefclinic.com\/en\/wp-json\/wp\/v2\/media?parent=106"}],"curies":[{"name":"wp","href":"https:\/\/api.w.org\/{rel}","templated":true}]}}